{"id":15276,"date":"2020-02-28T09:10:15","date_gmt":"2020-02-28T09:10:15","guid":{"rendered":"https:\/\/elementor.zozothemes.com\/egovenz\/upcoming-events-copy\/"},"modified":"2023-04-25T13:57:00","modified_gmt":"2023-04-25T13:57:00","slug":"evenements","status":"publish","type":"page","link":"https:\/\/pafen.aclislab.xyz\/bi\/evenements\/","title":{"rendered":"Amateraniro"},"content":{"rendered":"<div data-elementor-type=\"wp-page\" data-elementor-id=\"15276\" class=\"elementor elementor-15276\">\n\t\t\t\t\t\t\t\t\t<section class=\"elementor-section elementor-top-section elementor-element elementor-element-bb556c6 elementor-section-boxed elementor-section-height-default elementor-section-height-default\" data-id=\"bb556c6\" data-element_type=\"section\">\n\t\t\t\t\t\t<div class=\"elementor-container elementor-column-gap-default\">\n\t\t\t\t\t<div class=\"elementor-column elementor-col-100 elementor-top-column elementor-element elementor-element-34cccf6\" data-id=\"34cccf6\" data-element_type=\"column\">\n\t\t\t<div class=\"elementor-widget-wrap elementor-element-populated\">\n\t\t\t\t\t\t\t\t<div class=\"elementor-element elementor-element-43fd9c4 elementor-widget elementor-widget-egovenzsectiontitle\" data-id=\"43fd9c4\" data-element_type=\"widget\" data-widget_type=\"egovenzsectiontitle.default\">\n\t\t\t\t<div class=\"elementor-widget-container\">\n\t\t\t<div class=\"section-title-wrapper\"><div class=\"title-wrap\"><h3 class=\"section-title\">Amateraniro ari mu kuba <\/h3><span class=\"title-separator separator-border theme-color-bg\"><\/span><\/div><!-- .title-wrap --><div class=\"section-description\"><\/div><!-- .section-description --><\/div><!-- .section-title-wrapper -->\t\t<\/div>\n\t\t\t\t<\/div>\n\t\t\t\t<div class=\"elementor-element elementor-element-cf3960b elementor-widget elementor-widget-egovenzevent\" data-id=\"cf3960b\" data-element_type=\"widget\" data-widget_type=\"egovenzevent.default\">\n\t\t\t\t<div class=\"elementor-widget-container\">\n\t\t\t<div class=\"event-wrapper event-classic event-light shortcode-rand-1 egovenz-inline-css\" data-css=\"&quot;.shortcode-rand-1.event-wrapper .event-inner &gt; *:nth-child(1) { margin-bottom: 35px; }.shortcode-rand-1.event-wrapper .event-inner &gt; *:nth-child(2) { margin-bottom: 15px; }.shortcode-rand-1.event-wrapper .event-inner &gt; *:nth-child(3) { margin-bottom: 20px; }&quot;\"><div class=\"row\"><div class=\"col-lg-6 col-md-6\"><div class=\"event-inner\"><div class=\"post-thumb\"><img loading=\"lazy\" decoding=\"async\" height=\"500\" width=\"767\" class=\"img-fluid\" alt=\"Semaine du Jeune Codeur : Concours num\u00e9rique Inclusif\" src=\"https:\/\/pafen.aclislab.xyz\/wp-content\/uploads\/2019\/11\/12-767x500.jpg\"\/><\/div><!-- .post-thumb --><div class=\"event-date\">May - 15 - 2023<\/div><!-- .event-date --><div class=\"entry-title\"><h5 class=\"post-title-head\"><a href=\"https:\/\/pafen.aclislab.xyz\/bi\/event\/concour-inclusif\/\" class=\"post-title\">Iyinga ryahariwe umukoderi akiri muto\u00a0<\/a><\/h5><\/div><!-- .entry-title --><div class=\"post-excerpt\"><p>Iterambere ry\u2019ubuhinga bw\u2019itumatumanako tubona muri iki gihe mw\u2019isi yose risaba ko tuguma tuzana bishasha mu bijanye n\u2019ubuhinga. Ukwo kuzana bishasha kurahindura mu buryo bw\u2019imbitse ubuzima bw\u2019imiryango n\u2019ukugene amashirahamwe akora kandi gutuma haba umwimbu mwinshi ari nawo utuma ibintu bigenda neza. Ni muri iryo<\/p>\n<\/div><!-- .post-excerpt --><div class=\"post-more\"><a class=\"read-more\" href=\"https:\/\/pafen.aclislab.xyz\/bi\/event\/concour-inclusif\/\">Soma Vyinshi<\/a><\/div><span class=\"event-status\">Event closed.<\/span><\/div><!-- .event-inner --><\/div><!-- .cols --><div class=\"col-lg-6 col-md-6\"><div class=\"event-inner\"><div class=\"post-thumb\"><img loading=\"lazy\" decoding=\"async\" height=\"500\" width=\"767\" class=\"img-fluid\" alt=\"Innovation Week , 2\u00e8me \u00e9dition\" src=\"https:\/\/pafen.aclislab.xyz\/wp-content\/uploads\/2019\/11\/13-767x500.jpg\"\/><\/div><!-- .post-thumb --><div class=\"event-date\">Apr - 28 - 2023<\/div><!-- .event-date --><div class=\"entry-title\"><h5 class=\"post-title-head\"><a href=\"https:\/\/pafen.aclislab.xyz\/bi\/event\/innovation-week\/\" class=\"post-title\">Iyinga ry\u2019akabirya , igice ca 2<\/a><\/h5><\/div><!-- .entry-title --><div class=\"post-excerpt\"><p>Riteguwe n\u2019ubushikiranganji bujejwe ubuhinga, ubw\u2019ubudandaji n\u2019ubw\u2019urwaruka bufatanije n\u2019amashirahamwe nka<\/p>\n<\/div><!-- .post-excerpt --><div class=\"post-more\"><a class=\"read-more\" href=\"https:\/\/pafen.aclislab.xyz\/bi\/event\/innovation-week\/\">Soma Vyinshi<\/a><\/div><span class=\"event-status\">Event closed.<\/span><\/div><!-- .event-inner --><\/div><!-- .cols --><\/div><!-- .row --><\/div><!-- .event-wrapper -->\t\t<\/div>\n\t\t\t\t<\/div>\n\t\t\t\t\t<\/div>\n\t\t<\/div>\n\t\t\t\t\t\t\t<\/div>\n\t\t<\/section>\n\t\t\t\t\t\t\t<\/div>","protected":false},"excerpt":{"rendered":"<p>\u00c9v\u00e9nements locaux \u00e0 venir May &#8211; 15 &#8211; 2023 Semaine du Jeune Codeur : Concour<\/p>","protected":false},"author":1,"featured_media":0,"parent":0,"menu_order":0,"comment_status":"closed","ping_status":"closed","template":"","meta":{"_bbp_topic_count":0,"_bbp_reply_count":0,"_bbp_total_topic_count":0,"_bbp_total_reply_count":0,"_bbp_voice_count":0,"_bbp_anonymous_reply_count":0,"_bbp_topic_count_hidden":0,"_bbp_reply_count_hidden":0,"_bbp_forum_subforum_count":0,"footnotes":""},"class_list":["post-15276","page","type-page","status-publish","hentry"],"_links":{"self":[{"href":"https:\/\/pafen.aclislab.xyz\/bi\/wp-json\/wp\/v2\/pages\/15276","targetHints":{"allow":["GET"]}}],"collection":[{"href":"https:\/\/pafen.aclislab.xyz\/bi\/wp-json\/wp\/v2\/pages"}],"about":[{"href":"https:\/\/pafen.aclislab.xyz\/bi\/wp-json\/wp\/v2\/types\/page"}],"author":[{"embeddable":true,"href":"https:\/\/pafen.aclislab.xyz\/bi\/wp-json\/wp\/v2\/users\/1"}],"replies":[{"embeddable":true,"href":"https:\/\/pafen.aclislab.xyz\/bi\/wp-json\/wp\/v2\/comments?post=15276"}],"version-history":[{"count":12,"href":"https:\/\/pafen.aclislab.xyz\/bi\/wp-json\/wp\/v2\/pages\/15276\/revisions"}],"predecessor-version":[{"id":17809,"href":"https:\/\/pafen.aclislab.xyz\/bi\/wp-json\/wp\/v2\/pages\/15276\/revisions\/17809"}],"wp:attachment":[{"href":"https:\/\/pafen.aclislab.xyz\/bi\/wp-json\/wp\/v2\/media?parent=15276"}],"curies":[{"name":"wp","href":"https:\/\/api.w.org\/{rel}","templated":true}]}}