{"id":17272,"date":"2023-04-12T19:35:21","date_gmt":"2023-04-12T19:35:21","guid":{"rendered":"http:\/\/pafen.aclislab.xyz\/?page_id=17272"},"modified":"2024-08-06T21:30:30","modified_gmt":"2024-08-06T21:30:30","slug":"a-propos","status":"publish","type":"page","link":"https:\/\/pafen.aclislab.xyz\/bi\/a-propos\/","title":{"rendered":"Ibitwerekeye"},"content":{"rendered":"<div data-elementor-type=\"wp-post\" data-elementor-id=\"17272\" class=\"elementor elementor-17272\">\n\t\t\t\t\t\t\t\t\t<section class=\"elementor-section elementor-top-section elementor-element elementor-element-5f4a661 elementor-section-content-middle elementor-section-stretched bg-none-1024 elementor-section-boxed elementor-section-height-default elementor-section-height-default\" data-id=\"5f4a661\" data-element_type=\"section\" data-settings=\"{&quot;stretch_section&quot;:&quot;section-stretched&quot;,&quot;background_background&quot;:&quot;classic&quot;}\">\n\t\t\t\t\t\t\t<div class=\"elementor-background-overlay\"><\/div>\n\t\t\t\t\t\t\t<div class=\"elementor-container elementor-column-gap-default\">\n\t\t\t\t\t<div class=\"elementor-column elementor-col-100 elementor-top-column elementor-element elementor-element-77f0be8\" data-id=\"77f0be8\" data-element_type=\"column\" data-settings=\"{&quot;background_background&quot;:&quot;classic&quot;}\">\n\t\t\t<div class=\"elementor-widget-wrap elementor-element-populated\">\n\t\t\t\t\t\t\t\t<section class=\"elementor-section elementor-inner-section elementor-element elementor-element-32a6ac3 elementor-section-content-middle elementor-section-boxed elementor-section-height-default elementor-section-height-default\" data-id=\"32a6ac3\" data-element_type=\"section\">\n\t\t\t\t\t\t<div class=\"elementor-container elementor-column-gap-default\">\n\t\t\t\t\t<div class=\"elementor-column elementor-col-50 elementor-inner-column elementor-element elementor-element-a7f711c\" data-id=\"a7f711c\" data-element_type=\"column\">\n\t\t\t<div class=\"elementor-widget-wrap elementor-element-populated\">\n\t\t\t\t\t\t\t\t<div class=\"elementor-element elementor-element-a5edc86 elementor-widget elementor-widget-image\" data-id=\"a5edc86\" data-element_type=\"widget\" data-widget_type=\"image.default\">\n\t\t\t\t<div class=\"elementor-widget-container\">\n\t\t\t<style>\/*! elementor - v3.13.1 - 09-05-2023 *\/\n.elementor-widget-image{text-align:center}.elementor-widget-image a{display:inline-block}.elementor-widget-image a img[src$=\".svg\"]{width:48px}.elementor-widget-image img{vertical-align:middle;display:inline-block}<\/style>\t\t\t\t\t\t\t\t\t\t\t\t<img loading=\"lazy\" decoding=\"async\" width=\"1170\" height=\"694\" src=\"https:\/\/pafen.aclislab.xyz\/wp-content\/uploads\/2023\/04\/6.jpg\" class=\"attachment-full size-full wp-image-17274\" alt=\"\" srcset=\"https:\/\/pafen.aclislab.xyz\/wp-content\/uploads\/2023\/04\/6.jpg 1170w, https:\/\/pafen.aclislab.xyz\/wp-content\/uploads\/2023\/04\/6-768x456.jpg 768w\" sizes=\"auto, (max-width: 1170px) 100vw, 1170px\" \/>\t\t\t\t\t\t\t\t\t\t\t\t\t\t\t<\/div>\n\t\t\t\t<\/div>\n\t\t\t\t<div class=\"elementor-element elementor-element-a601df4 elementor-absolute elementor-widget elementor-widget-egovenzpopup-anything\" data-id=\"a601df4\" data-element_type=\"widget\" data-settings=\"{&quot;_position&quot;:&quot;absolute&quot;}\" data-widget_type=\"egovenzpopup-anything.default\">\n\t\t\t\t\r\n\t\t<div class=\"elementor-widget-container popup-anything-wrapper anim text-center\">\r\n\t\t\r\n\t\t\t<a class=\"popup-video-post popup-trigger-icon icon-icon-light\" href=\"https:\/\/www.youtube.com\/watch?v=-aK6bf68df0\"><span class=\"ti-control-play\"><\/span><\/a>\t\t\t\r\n\t\t<\/div>\r\n\t\t\t\t<\/div>\n\t\t\t\t\t<\/div>\n\t\t<\/div>\n\t\t\t\t<div class=\"elementor-column elementor-col-50 elementor-inner-column elementor-element elementor-element-382da87\" data-id=\"382da87\" data-element_type=\"column\">\n\t\t\t<div class=\"elementor-widget-wrap elementor-element-populated\">\n\t\t\t\t\t\t\t\t<div class=\"elementor-element elementor-element-5a6afd8 elementor-widget elementor-widget-egovenzsectiontitle\" data-id=\"5a6afd8\" data-element_type=\"widget\" data-widget_type=\"egovenzsectiontitle.default\">\n\t\t\t\t<div class=\"elementor-widget-container\">\n\t\t\t<div class=\"section-title-wrapper\"><div class=\"title-wrap\"><h2 class=\"section-title\">Umugambi wo gushigikira amashirahamwe <span class=\"title-suffix theme-color\">y\u2019ubutunzi bufatiye ku buhinga<\/span><\/h2><span class=\"title-separator separator-border theme-color-bg\"><\/span><\/div><!-- .title-wrap --><div class=\"section-description\">Ibikorwa vya PAFEN bitumbereye kuduza ikoreshwa ry\u2019ubuhinga mu gukwiragiza enterinete n\u2019urutonde rw\u2019abamaze gukoresha ubwo buhinga biciye mu bikorwa bikwegera abantu gushira imitahe mu nyubako z\u2019ubuhinga buramba kandi buhanitse mu bijanye n\u2019ibidukikije kandi bituma abakenera ubwo buhinga biyongera biciye mu bikorwa vyo gushikira ubuhinga. Ibi bikurikira nivyo bizofatirwako mu kuraba ko umugambi wagenze neza : <\/div><!-- .section-description --><\/div><!-- .section-title-wrapper -->\t\t<\/div>\n\t\t\t\t<\/div>\n\t\t\t\t\t<\/div>\n\t\t<\/div>\n\t\t\t\t\t\t\t<\/div>\n\t\t<\/section>\n\t\t\t\t\t<\/div>\n\t\t<\/div>\n\t\t\t\t\t\t\t<\/div>\n\t\t<\/section>\n\t\t\t\t<section class=\"elementor-section elementor-top-section elementor-element elementor-element-a8b1a82 elementor-section-boxed elementor-section-height-default elementor-section-height-default\" data-id=\"a8b1a82\" data-element_type=\"section\">\n\t\t\t\t\t\t<div class=\"elementor-container elementor-column-gap-default\">\n\t\t\t\t\t<div class=\"elementor-column elementor-col-50 elementor-top-column elementor-element elementor-element-3c79a46\" data-id=\"3c79a46\" data-element_type=\"column\">\n\t\t\t<div class=\"elementor-widget-wrap elementor-element-populated\">\n\t\t\t\t\t\t\t\t<div class=\"elementor-element elementor-element-4d5e3db elementor-widget elementor-widget-egovenzfeaturebox\" data-id=\"4d5e3db\" data-element_type=\"widget\" data-widget_type=\"egovenzfeaturebox.default\">\n\t\t\t\t<div class=\"elementor-widget-container feature-box-wrapper hover-bottom img-scale text-left shortcode-rand-1 egovenz-inline-css\" data-css=\"&quot;.shortcode-rand-1.feature-box-wrapper .feature-box-inner &gt; *:nth-child(1), .shortcode-rand-1.feature-box-wrapper &gt; .media &gt; .media-body &gt; *:nth-child(1) { margin-bottom: 20px; }.shortcode-rand-1.feature-box-wrapper .feature-box-inner &gt; *:nth-child(2), .shortcode-rand-1.feature-box-wrapper &gt; .media &gt; .media-body &gt; *:nth-child(2) { margin-bottom: 20px; }.shortcode-rand-1.feature-box-wrapper .feature-box-inner &gt; *:nth-child(3), .shortcode-rand-1.feature-box-wrapper &gt; .media &gt; .media-body &gt; *:nth-child(3) { margin-bottom: 20px; }&quot;\">\r\n\t\t\t<div class=\"feature-box-inner\"><h5 class=\"feature-box-title\">Kuduza ugushikira enterinete nyinshi aho \nitarashika neza : <\/h5><div class=\"fbox-content\">Urugero rwa enterinete nyinshi: ibice vy\u2019abantu bakuze bafise enterinete \nikora (ngendanwa canke iri hamwe), vyerekana ibice vy\u2019abakenyezi n\u2019ababa \nmu mitumba (Kw\u2019ijana)<\/div><div class=\"feature-box-btn\"><a class=\"btn btn-light btn-light btn-bg-dark theme-hbg-color btn-link\" href=\"#\" title=\"Menya vyinshi\">Menya vyinshi<\/a><\/div><!-- .feature-box-btn --><\/div>\t\t<\/div>\r\n\t\t\t\t<\/div>\n\t\t\t\t\t<\/div>\n\t\t<\/div>\n\t\t\t\t<div class=\"elementor-column elementor-col-50 elementor-top-column elementor-element elementor-element-b04f9b8\" data-id=\"b04f9b8\" data-element_type=\"column\">\n\t\t\t<div class=\"elementor-widget-wrap elementor-element-populated\">\n\t\t\t\t\t\t\t\t<div class=\"elementor-element elementor-element-0fa7cfe elementor-widget elementor-widget-egovenzfeaturebox\" data-id=\"0fa7cfe\" data-element_type=\"widget\" data-widget_type=\"egovenzfeaturebox.default\">\n\t\t\t\t<div class=\"elementor-widget-container feature-box-wrapper hover-bottom img-scale text-left shortcode-rand-2 egovenz-inline-css\" data-css=\"&quot;.shortcode-rand-2.feature-box-wrapper .feature-box-inner &gt; *:nth-child(1), .shortcode-rand-2.feature-box-wrapper &gt; .media &gt; .media-body &gt; *:nth-child(1) { margin-bottom: 20px; }.shortcode-rand-2.feature-box-wrapper .feature-box-inner &gt; *:nth-child(2), .shortcode-rand-2.feature-box-wrapper &gt; .media &gt; .media-body &gt; *:nth-child(2) { margin-bottom: 20px; }.shortcode-rand-2.feature-box-wrapper .feature-box-inner &gt; *:nth-child(3), .shortcode-rand-2.feature-box-wrapper &gt; .media &gt; .media-body &gt; *:nth-child(3) { margin-bottom: 20px; }&quot;\">\r\n\t\t\t<div class=\"feature-box-inner\"><h5 class=\"feature-box-title\">Kuduza ubushobozi bwo gukora ibikorwa \nvya reta biciye mu buhinga: <\/h5><div class=\"fbox-content\">Ibisata bisangiwe vyashizweho na reta bifasha abantu biciye mu buhinga (Igitigiri)<\/div><div class=\"feature-box-btn\"><a class=\"btn btn-light btn-light btn-bg-dark theme-hbg-color btn-link\" href=\"#\" title=\"Menya vyinshi\">Menya vyinshi<\/a><\/div><!-- .feature-box-btn --><\/div>\t\t<\/div>\r\n\t\t\t\t<\/div>\n\t\t\t\t\t<\/div>\n\t\t<\/div>\n\t\t\t\t\t\t\t<\/div>\n\t\t<\/section>\n\t\t\t\t<section class=\"elementor-section elementor-top-section elementor-element elementor-element-284a03e elementor-section-stretched elementor-section-boxed elementor-section-height-default elementor-section-height-default\" data-id=\"284a03e\" data-element_type=\"section\" data-settings=\"{&quot;stretch_section&quot;:&quot;section-stretched&quot;,&quot;background_background&quot;:&quot;classic&quot;}\">\n\t\t\t\t\t\t<div class=\"elementor-container elementor-column-gap-default\">\n\t\t\t\t\t<div class=\"elementor-column elementor-col-100 elementor-top-column elementor-element elementor-element-229fc38\" data-id=\"229fc38\" data-element_type=\"column\">\n\t\t\t<div class=\"elementor-widget-wrap elementor-element-populated\">\n\t\t\t\t\t\t\t\t<section class=\"elementor-section elementor-inner-section elementor-element elementor-element-ca22ab0 elementor-section-boxed elementor-section-height-default elementor-section-height-default\" data-id=\"ca22ab0\" data-element_type=\"section\">\n\t\t\t\t\t\t<div class=\"elementor-container elementor-column-gap-default\">\n\t\t\t\t\t<div class=\"elementor-column elementor-col-33 elementor-inner-column elementor-element elementor-element-cdfb8ad\" data-id=\"cdfb8ad\" data-element_type=\"column\">\n\t\t\t<div class=\"elementor-widget-wrap\">\n\t\t\t\t\t\t\t\t\t<\/div>\n\t\t<\/div>\n\t\t\t\t<div class=\"elementor-column elementor-col-33 elementor-inner-column elementor-element elementor-element-f8c84b3\" data-id=\"f8c84b3\" data-element_type=\"column\">\n\t\t\t<div class=\"elementor-widget-wrap elementor-element-populated\">\n\t\t\t\t\t\t\t\t<div class=\"elementor-element elementor-element-fa364a8 elementor-widget elementor-widget-egovenzsectiontitle\" data-id=\"fa364a8\" data-element_type=\"widget\" data-widget_type=\"egovenzsectiontitle.default\">\n\t\t\t\t<div class=\"elementor-widget-container\">\n\t\t\t<div class=\"section-title-wrapper margin-bottom-0 text-center\"><div class=\"title-wrap\"><h2 class=\"section-title\">Indongozi<\/h2><span class=\"title-separator separator-border theme-color-bg\"><\/span><\/div><!-- .title-wrap --><div class=\"section-description\"><\/div><!-- .section-description --><\/div><!-- .section-title-wrapper -->\t\t<\/div>\n\t\t\t\t<\/div>\n\t\t\t\t\t<\/div>\n\t\t<\/div>\n\t\t\t\t<div class=\"elementor-column elementor-col-33 elementor-inner-column elementor-element elementor-element-a86cad5\" data-id=\"a86cad5\" data-element_type=\"column\">\n\t\t\t<div class=\"elementor-widget-wrap\">\n\t\t\t\t\t\t\t\t\t<\/div>\n\t\t<\/div>\n\t\t\t\t\t\t\t<\/div>\n\t\t<\/section>\n\t\t\t\t<div class=\"elementor-element elementor-element-64748f1 elementor-widget elementor-widget-egovenzteam\" data-id=\"64748f1\" data-element_type=\"widget\" data-widget_type=\"egovenzteam.default\">\n\t\t\t\t<div class=\"elementor-widget-container\">\n\t\t\t<div class=\"team-wrapper team-modern text-center team-light shortcode-rand-3 egovenz-inline-css\" data-css=\"&quot;.shortcode-rand-3.team-wrapper .team-inner &gt; *:nth-child(1) { margin-bottom: 35px; }.shortcode-rand-3.team-wrapper .team-inner &gt; *:nth-child(2) { margin-bottom: 15px; }.shortcode-rand-3.team-wrapper .team-inner &gt; *:nth-child(3) { margin-bottom: 18px; }.shortcode-rand-3.team-wrapper .team-inner &gt; *:nth-child(4) { margin-bottom: 0px; }&quot;\"><div class=\"row\"><div class=\"col-lg-3 col-md-6\"><div class=\"team-inner\"><div class=\"team-thumb\"><img loading=\"lazy\" decoding=\"async\" width=\"600\" height=\"600\" src=\"https:\/\/pafen.aclislab.xyz\/wp-content\/uploads\/2019\/11\/Bienvenue.png\" class=\"img-fluid wp-post-image\" alt=\"\" srcset=\"https:\/\/pafen.aclislab.xyz\/wp-content\/uploads\/2019\/11\/Bienvenue.png 600w, https:\/\/pafen.aclislab.xyz\/wp-content\/uploads\/2019\/11\/Bienvenue-80x80.png 80w\" sizes=\"auto, (max-width: 600px) 100vw, 600px\" \/><span class=\"animate-bubble-box\"><\/span><\/div><!-- .team-thumb --><div class=\"team-name\"><h5><a href=\"https:\/\/pafen.aclislab.xyz\/bi\/team\/bienvenue-irakoze\/\" class=\"client-name\">Bienvenue Irakoze<\/a><\/h5><\/div><!-- .team-name --><div class=\"team-designation\">Coordonnateur du Projet<\/div><!-- .team-designation --><\/div><!-- .team-inner --><\/div><!-- .cols --><div class=\"col-lg-3 col-md-6\"><div class=\"team-inner\"><div class=\"team-thumb\"><img loading=\"lazy\" decoding=\"async\" width=\"600\" height=\"600\" src=\"https:\/\/pafen.aclislab.xyz\/wp-content\/uploads\/2019\/11\/4.png\" class=\"img-fluid wp-post-image\" alt=\"\" srcset=\"https:\/\/pafen.aclislab.xyz\/wp-content\/uploads\/2019\/11\/4.png 600w, https:\/\/pafen.aclislab.xyz\/wp-content\/uploads\/2019\/11\/4-80x80.png 80w\" sizes=\"auto, (max-width: 600px) 100vw, 600px\" \/><span class=\"animate-bubble-box\"><\/span><\/div><!-- .team-thumb --><div class=\"team-name\"><h5><a href=\"https:\/\/pafen.aclislab.xyz\/bi\/team\/pamela-nduwimana\/\" class=\"client-name\">Pamela Nduwimana<\/a><\/h5><\/div><!-- .team-name --><div class=\"team-designation\">Ajejwe Ibikorwa<\/div><!-- .team-designation --><\/div><!-- .team-inner --><\/div><!-- .cols --><div class=\"col-lg-3 col-md-6\"><div class=\"team-inner\"><div class=\"team-thumb\"><img loading=\"lazy\" decoding=\"async\" width=\"600\" height=\"600\" src=\"https:\/\/pafen.aclislab.xyz\/wp-content\/uploads\/2018\/07\/2.png\" class=\"img-fluid wp-post-image\" alt=\"\" srcset=\"https:\/\/pafen.aclislab.xyz\/wp-content\/uploads\/2018\/07\/2.png 600w, https:\/\/pafen.aclislab.xyz\/wp-content\/uploads\/2018\/07\/2-80x80.png 80w\" sizes=\"auto, (max-width: 600px) 100vw, 600px\" \/><span class=\"animate-bubble-box\"><\/span><\/div><!-- .team-thumb --><div class=\"team-name\"><h5><a href=\"https:\/\/pafen.aclislab.xyz\/bi\/team\/olivier-nahayo\/\" class=\"client-name\">Olivier Nahayo<\/a><\/h5><\/div><!-- .team-name --><div class=\"team-designation\">Umuhanuzi w\u2019ubuhinga<\/div><!-- .team-designation --><\/div><!-- .team-inner --><\/div><!-- .cols --><div class=\"col-lg-3 col-md-6\"><div class=\"team-inner\"><div class=\"team-thumb\"><img loading=\"lazy\" decoding=\"async\" width=\"600\" height=\"600\" src=\"https:\/\/pafen.aclislab.xyz\/wp-content\/uploads\/2018\/07\/3.png\" class=\"img-fluid wp-post-image\" alt=\"\" srcset=\"https:\/\/pafen.aclislab.xyz\/wp-content\/uploads\/2018\/07\/3.png 600w, https:\/\/pafen.aclislab.xyz\/wp-content\/uploads\/2018\/07\/3-80x80.png 80w\" sizes=\"auto, (max-width: 600px) 100vw, 600px\" \/><span class=\"animate-bubble-box\"><\/span><\/div><!-- .team-thumb --><div class=\"team-name\"><h5><a href=\"https:\/\/pafen.aclislab.xyz\/bi\/team\/nicole-gateka\/\" class=\"client-name\">Nicole Gateka<\/a><\/h5><\/div><!-- .team-name --><div class=\"team-designation\">Ajejwe Intwaro<\/div><!-- .team-designation --><\/div><!-- .team-inner --><\/div><!-- .cols --><\/div><!-- .row --><\/div><!-- .team-wrapper -->\t\t<\/div>\n\t\t\t\t<\/div>\n\t\t\t\t\t<\/div>\n\t\t<\/div>\n\t\t\t\t\t\t\t<\/div>\n\t\t<\/section>\n\t\t\t\t<section class=\"elementor-section elementor-top-section elementor-element elementor-element-3225540 elementor-section-stretched elementor-section-boxed elementor-section-height-default elementor-section-height-default\" data-id=\"3225540\" data-element_type=\"section\" data-settings=\"{&quot;background_background&quot;:&quot;classic&quot;,&quot;stretch_section&quot;:&quot;section-stretched&quot;}\">\n\t\t\t\t\t\t\t<div class=\"elementor-background-overlay\"><\/div>\n\t\t\t\t\t\t\t<div class=\"elementor-container elementor-column-gap-default\">\n\t\t\t\t\t<div class=\"elementor-column elementor-col-100 elementor-top-column elementor-element elementor-element-5be7910\" data-id=\"5be7910\" data-element_type=\"column\">\n\t\t\t<div class=\"elementor-widget-wrap elementor-element-populated\">\n\t\t\t\t\t\t\t\t<section class=\"elementor-section elementor-inner-section elementor-element elementor-element-2d85e48 elementor-section-content-middle elementor-section-boxed elementor-section-height-default elementor-section-height-default\" data-id=\"2d85e48\" data-element_type=\"section\">\n\t\t\t\t\t\t<div class=\"elementor-container elementor-column-gap-default\">\n\t\t\t\t\t<div class=\"elementor-column elementor-col-50 elementor-inner-column elementor-element elementor-element-72614e0\" data-id=\"72614e0\" data-element_type=\"column\">\n\t\t\t<div class=\"elementor-widget-wrap elementor-element-populated\">\n\t\t\t\t\t\t\t\t<div class=\"elementor-element elementor-element-27cfa2f elementor-widget elementor-widget-heading\" data-id=\"27cfa2f\" data-element_type=\"widget\" data-widget_type=\"heading.default\">\n\t\t\t\t<div class=\"elementor-widget-container\">\n\t\t\t<style>\/*! elementor - v3.13.1 - 09-05-2023 *\/\n.elementor-heading-title{padding:0;margin:0;line-height:1}.elementor-widget-heading .elementor-heading-title[class*=elementor-size-]>a{color:inherit;font-size:inherit;line-height:inherit}.elementor-widget-heading .elementor-heading-title.elementor-size-small{font-size:15px}.elementor-widget-heading .elementor-heading-title.elementor-size-medium{font-size:19px}.elementor-widget-heading .elementor-heading-title.elementor-size-large{font-size:29px}.elementor-widget-heading .elementor-heading-title.elementor-size-xl{font-size:39px}.elementor-widget-heading .elementor-heading-title.elementor-size-xxl{font-size:59px}<\/style><p class=\"elementor-heading-title elementor-size-small\">Ihangiro ryacu ni ugushiraho <br>reta ikoresha ubuhinga bwa none.\n<gwmw style=\"display:none;\"><\/gwmw><gwmw style=\"display:none;\"><\/gwmw><gwmw style=\"display:none;\"><\/gwmw><\/p>\t\t<\/div>\n\t\t\t\t<\/div>\n\t\t\t\t\t<\/div>\n\t\t<\/div>\n\t\t\t\t<div class=\"elementor-column elementor-col-50 elementor-inner-column elementor-element elementor-element-20065ce\" data-id=\"20065ce\" data-element_type=\"column\">\n\t\t\t<div class=\"elementor-widget-wrap elementor-element-populated\">\n\t\t\t\t\t\t\t\t<div class=\"elementor-element elementor-element-6448b6c elementor-widget elementor-widget-egovenzfeaturebox\" data-id=\"6448b6c\" data-element_type=\"widget\" data-widget_type=\"egovenzfeaturebox.default\">\n\t\t\t\t<div class=\"elementor-widget-container feature-box-wrapper feature-v-mid shortcode-rand-4 egovenz-inline-css\" data-css=\"&quot;.shortcode-rand-4.feature-box-wrapper .feature-box-inner &gt; *:nth-child(1), .shortcode-rand-4.feature-box-wrapper &gt; .media &gt; .media-body &gt; *:nth-child(1) { margin-bottom: 0px; }&quot;\">\r\n\t\t\t<div class=\"media\"><div class=\"media-icon-part align-self-center\"><div class=\"feature-box-icon\"><span class=\"text-center icon-dark rounded-circle fbox-icon-middle fa fa-headphones\"><\/span><\/div><\/div><div class=\"media-body\"><h5 class=\"feature-box-title\"><a href=\"tel:25722258750\" title=\"+257 22 25 87 50\" target=\"_blank\">+257 22 25 87 50<\/a><\/h5><div class=\"fbox-content\">Mufise ico mubaza<\/div><\/div><!-- .media-body --><\/div><!-- .media -->\t\t<\/div>\r\n\t\t\t\t<\/div>\n\t\t\t\t\t<\/div>\n\t\t<\/div>\n\t\t\t\t\t\t\t<\/div>\n\t\t<\/section>\n\t\t\t\t\t<\/div>\n\t\t<\/div>\n\t\t\t\t\t\t\t<\/div>\n\t\t<\/section>\n\t\t\t\t<section class=\"elementor-section elementor-top-section elementor-element elementor-element-9554bcf elementor-section-content-middle elementor-section-boxed elementor-section-height-default elementor-section-height-default\" data-id=\"9554bcf\" data-element_type=\"section\" data-settings=\"{&quot;background_background&quot;:&quot;classic&quot;}\">\n\t\t\t\t\t\t<div class=\"elementor-container elementor-column-gap-default\">\n\t\t\t\t\t<div class=\"elementor-column elementor-col-50 elementor-top-column elementor-element elementor-element-c71b68c pr-lg-3\" data-id=\"c71b68c\" data-element_type=\"column\">\n\t\t\t<div class=\"elementor-widget-wrap elementor-element-populated\">\n\t\t\t\t\t\t\t\t<section data-egovenz-parallax-data=\"{&quot;parallax_ratio&quot;:&quot;2&quot;,&quot;parallax_image&quot;:&quot;&quot;}\" class=\"elementor-section elementor-inner-section elementor-element elementor-element-8f6ad80 elementor-section-full_width elementor-section-height-default elementor-section-height-default\" data-id=\"8f6ad80\" data-element_type=\"section\">\n\t\t\t\t\t\t<div class=\"elementor-container elementor-column-gap-extended\">\n\t\t\t\t\t<div class=\"elementor-column elementor-col-100 elementor-inner-column elementor-element elementor-element-5843c56\" data-id=\"5843c56\" data-element_type=\"column\">\n\t\t\t<div class=\"elementor-widget-wrap elementor-element-populated\">\n\t\t\t\t\t\t\t\t<div class=\"elementor-element elementor-element-df2afd8 elementor-widget elementor-widget-egovenzsectiontitle\" data-id=\"df2afd8\" data-element_type=\"widget\" data-widget_type=\"egovenzsectiontitle.default\">\n\t\t\t\t<div class=\"elementor-widget-container\">\n\t\t\t<div class=\"section-title-wrapper\"><div class=\"title-wrap\"><h2 class=\"section-title\">Abafashwa  <span class=\"title-suffix theme-color\"> Abafashwa<\/span><\/h2><span class=\"title-separator separator-border theme-color-bg\"><\/span><\/div><!-- .title-wrap --><div class=\"section-description\">Abazofashwa n\u2019uwu mugambi bazoba ari ababa mu Burundi, cane cane abenegihugu, amashirahamwe y\u2019abigenga, amashirahamwe ya reta, bazoronka enterinete nziza n\u2019ibikorwa biciye mu buhinga<\/div><!-- .section-description --><\/div><!-- .section-title-wrapper -->\t\t<\/div>\n\t\t\t\t<\/div>\n\t\t\t\t<div class=\"elementor-element elementor-element-9800ac3 elementor-widget elementor-widget-egovenziconlist\" data-id=\"9800ac3\" data-element_type=\"widget\" data-widget_type=\"egovenziconlist.default\">\n\t\t\t\t<div class=\"elementor-widget-container\">\n\t\t\t<div class=\"icon-list-wrapper\"><ul class=\"nav flex-column vertical-icon-list\"><li class=\"icon-parent\"><span class=\"icon-dark fa fa-circle\"><\/span>Abazofashwa n\u2019uwu mugambi bazoba ari ababa mu Burundi, cane cane abenegihugu, amashirahamwe y\u2019abigenga, amashirahamwe ya reta, bazoronka enterinete nziza n\u2019ibikorwa biciye mu buhinga<\/li><li class=\"icon-parent\"><span class=\"icon-dark fa fa-circle\"><\/span>Ubushikiranganji bw\u2019amagara y\u2019abantu no kugwanya Sida<\/li><li class=\"icon-parent\"><span class=\"icon-dark fa fa-circle\"><\/span>Ubushikiranganji bw\u2019intwaro yo hagati, iterambere ry\u2019amakomine \nn\u2019umutekano<\/li><li class=\"icon-parent\"><span class=\"icon-dark fa fa-circle\"><\/span>Ibanki ya repuburika y\u2019Uburundi<\/li><li class=\"icon-parent\"><span class=\"icon-dark fa fa-circle\"><\/span>Ubunyamabanga nshingwabikorwa bw\u2019ubuhinga bwo \nguhanahana amakuru (SETIC)<\/li><li class=\"icon-parent\"><span class=\"icon-dark fa fa-circle\"><\/span>Ikigo co gutunganya no kugenzura itumatumanako (ARCT)<\/li><li class=\"icon-parent\"><span class=\"icon-dark fa fa-circle\"><\/span>Urunani rw\u2019uburezi n\u2019ubushakashatsi rw\u2019Uburundi (BERNET)<\/li><li class=\"icon-parent\"><span class=\"icon-dark fa fa-circle\"><\/span>Bi-Switch<\/li><\/ul><\/div><!-- .icon-list-wrapper -->\t\t<\/div>\n\t\t\t\t<\/div>\n\t\t\t\t\t<\/div>\n\t\t<\/div>\n\t\t\t\t\t\t\t<\/div>\n\t\t<\/section>\n\t\t\t\t\t<\/div>\n\t\t<\/div>\n\t\t\t\t<div class=\"elementor-column elementor-col-50 elementor-top-column elementor-element elementor-element-c14b0ca\" data-id=\"c14b0ca\" data-element_type=\"column\" data-settings=\"{&quot;background_background&quot;:&quot;classic&quot;}\">\n\t\t\t<div class=\"elementor-widget-wrap elementor-element-populated\">\n\t\t\t\t\t\t\t\t<div class=\"elementor-element elementor-element-a81cfb3 elementor-widget elementor-widget-image\" data-id=\"a81cfb3\" data-element_type=\"widget\" data-widget_type=\"image.default\">\n\t\t\t\t<div class=\"elementor-widget-container\">\n\t\t\t\t\t\t\t\t\t\t\t\t\t\t\t<img decoding=\"async\" src=\"https:\/\/pafen.aclislab.xyz\/wp-content\/uploads\/2023\/04\/24.jpg\" title=\"24\" alt=\"24\" loading=\"lazy\" \/>\t\t\t\t\t\t\t\t\t\t\t\t\t\t\t<\/div>\n\t\t\t\t<\/div>\n\t\t\t\t\t<\/div>\n\t\t<\/div>\n\t\t\t\t\t\t\t<\/div>\n\t\t<\/section>\n\t\t\t\t\t\t\t<\/div>","protected":false},"excerpt":{"rendered":"<p>Projet d&#039;Appui aux Fondations De L&#039;Economie Num\u00e9rique Les activit\u00e9s du PAFEN visent \u00e0 accro\u00eetre l&rsquo;adoption du num\u00e9rique en \u00e9largissant la couverture du r\u00e9seau et la base existante de consommateurs de services num\u00e9riques par le biais d&rsquo;initiatives qui stimulent l&rsquo;investissement dans des infrastructures \u00e0 large bande durables et intelligentes sur le plan climatique et catalysent la<\/p>","protected":false},"author":1,"featured_media":0,"parent":0,"menu_order":0,"comment_status":"closed","ping_status":"closed","template":"","meta":{"_bbp_topic_count":0,"_bbp_reply_count":0,"_bbp_total_topic_count":0,"_bbp_total_reply_count":0,"_bbp_voice_count":0,"_bbp_anonymous_reply_count":0,"_bbp_topic_count_hidden":0,"_bbp_reply_count_hidden":0,"_bbp_forum_subforum_count":0,"footnotes":""},"class_list":["post-17272","page","type-page","status-publish","hentry"],"_links":{"self":[{"href":"https:\/\/pafen.aclislab.xyz\/bi\/wp-json\/wp\/v2\/pages\/17272","targetHints":{"allow":["GET"]}}],"collection":[{"href":"https:\/\/pafen.aclislab.xyz\/bi\/wp-json\/wp\/v2\/pages"}],"about":[{"href":"https:\/\/pafen.aclislab.xyz\/bi\/wp-json\/wp\/v2\/types\/page"}],"author":[{"embeddable":true,"href":"https:\/\/pafen.aclislab.xyz\/bi\/wp-json\/wp\/v2\/users\/1"}],"replies":[{"embeddable":true,"href":"https:\/\/pafen.aclislab.xyz\/bi\/wp-json\/wp\/v2\/comments?post=17272"}],"version-history":[{"count":84,"href":"https:\/\/pafen.aclislab.xyz\/bi\/wp-json\/wp\/v2\/pages\/17272\/revisions"}],"predecessor-version":[{"id":17996,"href":"https:\/\/pafen.aclislab.xyz\/bi\/wp-json\/wp\/v2\/pages\/17272\/revisions\/17996"}],"wp:attachment":[{"href":"https:\/\/pafen.aclislab.xyz\/bi\/wp-json\/wp\/v2\/media?parent=17272"}],"curies":[{"name":"wp","href":"https:\/\/api.w.org\/{rel}","templated":true}]}}