{"id":17498,"date":"2023-04-18T12:38:37","date_gmt":"2023-04-18T12:38:37","guid":{"rendered":"http:\/\/pafen.aclislab.xyz\/?page_id=17498"},"modified":"2024-08-06T20:31:36","modified_gmt":"2024-08-06T20:31:36","slug":"acces-et-inclusion-numeriques","status":"publish","type":"page","link":"https:\/\/pafen.aclislab.xyz\/bi\/acces-et-inclusion-numeriques\/","title":{"rendered":"Ubuhinga kuri bose"},"content":{"rendered":"<div data-elementor-type=\"wp-page\" data-elementor-id=\"17498\" class=\"elementor elementor-17498\">\n\t\t\t\t\t\t\t\t\t<section class=\"elementor-section elementor-top-section elementor-element elementor-element-50e68d6 elementor-section-content-middle elementor-section-stretched elementor-section-boxed elementor-section-height-default elementor-section-height-default\" data-id=\"50e68d6\" data-element_type=\"section\" data-settings=\"{&quot;stretch_section&quot;:&quot;section-stretched&quot;,&quot;background_background&quot;:&quot;classic&quot;,&quot;shape_divider_bottom&quot;:&quot;curve&quot;,&quot;shape_divider_bottom_negative&quot;:&quot;yes&quot;}\">\n\t\t\t\t\t\t\t<div class=\"elementor-background-overlay\"><\/div>\n\t\t\t\t\t\t<div class=\"elementor-shape elementor-shape-bottom\" data-negative=\"true\">\n\t\t\t<svg xmlns=\"http:\/\/www.w3.org\/2000\/svg\" viewbox=\"0 0 1000 100\" preserveaspectratio=\"none\">\n\t<path class=\"elementor-shape-fill\" d=\"M500,97C126.7,96.3,0.8,19.8,0,0v100l1000,0V1C1000,19.4,873.3,97.8,500,97z\"\/>\n<\/svg>\t\t<\/div>\n\t\t\t\t\t<div class=\"elementor-container elementor-column-gap-default\">\n\t\t\t\t\t<div class=\"elementor-column elementor-col-50 elementor-top-column elementor-element elementor-element-55490f5\" data-id=\"55490f5\" data-element_type=\"column\">\n\t\t\t<div class=\"elementor-widget-wrap elementor-element-populated\">\n\t\t\t\t\t\t\t\t<div class=\"elementor-element elementor-element-d8a3b4b elementor-widget elementor-widget-egovenzsectiontitle\" data-id=\"d8a3b4b\" data-element_type=\"widget\" data-widget_type=\"egovenzsectiontitle.default\">\n\t\t\t\t<div class=\"elementor-widget-container\">\n\t\t\t<div class=\"section-title-wrapper\"><div class=\"title-wrap\"><h2 class=\"section-title\">Ubuhinga <span class=\"title-suffix theme-color\">Kuri Bose <\/span><\/h2><span class=\"title-separator separator-border theme-color-bg\"><\/span><\/div><!-- .title-wrap --><div class=\"section-description\">Iki gisata kizofasha gushikira enterinete nyinshi n\u2019ugukora ibikorwa bifatiye ku kigega c\u2019ibiharuro. Kizobikora mu gutanga uburyo ku bikorwa bituma habaho ibihe vyiza vyorohereza uguteza imbere isoko ry\u2019umuhora munini, ugushira uburyo mu kwagura isoko ry\u2019iwacu, n\u2019ibikorwa bishigikira aborosha mu gushikira ubuhinga, bituma abakenera ubuhinga biyongera mu migwi y\u2019abasanzwe bafise ingorane zo kuronka no gukoresha enterinete. <\/div><!-- .section-description --><\/div><!-- .section-title-wrapper -->\t\t<\/div>\n\t\t\t\t<\/div>\n\t\t\t\t\t<\/div>\n\t\t<\/div>\n\t\t\t\t<div class=\"elementor-column elementor-col-50 elementor-top-column elementor-element elementor-element-5589b25\" data-id=\"5589b25\" data-element_type=\"column\" data-settings=\"{&quot;background_background&quot;:&quot;classic&quot;}\">\n\t\t\t<div class=\"elementor-widget-wrap elementor-element-populated\">\n\t\t\t\t\t\t\t\t<div class=\"elementor-element elementor-element-23bb7b1 elementor-absolute elementor-widget elementor-widget-egovenzpopup-anything\" data-id=\"23bb7b1\" data-element_type=\"widget\" data-settings=\"{&quot;_position&quot;:&quot;absolute&quot;}\" data-widget_type=\"egovenzpopup-anything.default\">\n\t\t\t\t\r\n\t\t<div class=\"elementor-widget-container popup-anything-wrapper anim light text-center\">\r\n\t\t\r\n\t\t\t<a class=\"popup-video-post popup-trigger-icon icon-theme-color\" href=\"https:\/\/www.youtube.com\/watch?v=7S7smPw9EiE\"><span class=\"ti-control-play\"><\/span><\/a>\t\t\t\r\n\t\t<\/div>\r\n\t\t\t\t<\/div>\n\t\t\t\t\t<\/div>\n\t\t<\/div>\n\t\t\t\t\t\t\t<\/div>\n\t\t<\/section>\n\t\t\t\t<section class=\"elementor-section elementor-top-section elementor-element elementor-element-39bba8c elementor-section-boxed elementor-section-height-default elementor-section-height-default\" data-id=\"39bba8c\" data-element_type=\"section\">\n\t\t\t\t\t\t<div class=\"elementor-container elementor-column-gap-default\">\n\t\t\t\t\t<div class=\"elementor-column elementor-col-33 elementor-top-column elementor-element elementor-element-2383720\" data-id=\"2383720\" data-element_type=\"column\">\n\t\t\t<div class=\"elementor-widget-wrap elementor-element-populated\">\n\t\t\t\t\t\t\t\t<div class=\"elementor-element elementor-element-b6b0f35 elementor-widget elementor-widget-egovenzfeaturebox\" data-id=\"b6b0f35\" data-element_type=\"widget\" data-widget_type=\"egovenzfeaturebox.default\">\n\t\t\t\t<div class=\"elementor-widget-container feature-box-wrapper img-scale text-left feature-box-classic shortcode-rand-1 egovenz-inline-css\" data-css=\"&quot;.shortcode-rand-1.feature-box-wrapper .feature-box-inner &gt; *:nth-child(1), .shortcode-rand-1.feature-box-wrapper &gt; .media &gt; .media-body &gt; *:nth-child(1) { margin-bottom: 20px; }.shortcode-rand-1.feature-box-wrapper .feature-box-inner &gt; *:nth-child(2), .shortcode-rand-1.feature-box-wrapper &gt; .media &gt; .media-body &gt; *:nth-child(2) { margin-bottom: 20px; }.shortcode-rand-1.feature-box-wrapper .feature-box-inner &gt; *:nth-child(3), .shortcode-rand-1.feature-box-wrapper &gt; .media &gt; .media-body &gt; *:nth-child(3) { margin-bottom: 0px; }&quot;\">\r\n\t\t\t<div class=\"feature-box-inner\"><h5 class=\"feature-box-title\">Ibihe vyorohereza abantu \nkuronka  enterinete nyinshi \nn\u2019ibikorwa  vy\u2019ubuhinga <\/h5><div class=\"fbox-content\">Aka gace k\u2019igisata kazofasha reta gushiraho\n imigambi ihambaye, inzego zijejwe intwaro\n n\u2019igenzura zifasha gushikira enterinete\n nyinshi n\u2019ibikorwa vy\u2019ubuhinga. <\/div><\/div>\t\t<\/div>\r\n\t\t\t\t<\/div>\n\t\t\t\t\t<\/div>\n\t\t<\/div>\n\t\t\t\t<div class=\"elementor-column elementor-col-33 elementor-top-column elementor-element elementor-element-c95ef6b\" data-id=\"c95ef6b\" data-element_type=\"column\">\n\t\t\t<div class=\"elementor-widget-wrap elementor-element-populated\">\n\t\t\t\t\t\t\t\t<div class=\"elementor-element elementor-element-7f58f40 elementor-widget elementor-widget-egovenzfeaturebox\" data-id=\"7f58f40\" data-element_type=\"widget\" data-widget_type=\"egovenzfeaturebox.default\">\n\t\t\t\t<div class=\"elementor-widget-container feature-box-wrapper img-scale text-left shortcode-rand-2 egovenz-inline-css\" data-css=\"&quot;.shortcode-rand-2.feature-box-wrapper .feature-box-inner &gt; *:nth-child(1), .shortcode-rand-2.feature-box-wrapper &gt; .media &gt; .media-body &gt; *:nth-child(1) { margin-bottom: 20px; }.shortcode-rand-2.feature-box-wrapper .feature-box-inner &gt; *:nth-child(2), .shortcode-rand-2.feature-box-wrapper &gt; .media &gt; .media-body &gt; *:nth-child(2) { margin-bottom: 20px; }.shortcode-rand-2.feature-box-wrapper .feature-box-inner &gt; *:nth-child(3), .shortcode-rand-2.feature-box-wrapper &gt; .media &gt; .media-body &gt; *:nth-child(3) { margin-bottom: 0px; }&quot;\">\r\n\t\t\t<div class=\"feature-box-inner\"><h5 class=\"feature-box-title\">Gushikira enterinete \niwanyu <\/h5><div class=\"fbox-content\">Aka gace k\u2019igisata kazofasha mu gukabura\n ugushikira enterinete nyinshi biciye mu \ngushira uburyo mu mugambi wo gushikira\n enterinete iwanyu bikazofasha mu gukuraho \nutunenge tuhari mu bijanye no gushikirwa no\n gushikira enterinete.<\/div><\/div>\t\t<\/div>\r\n\t\t\t\t<\/div>\n\t\t\t\t\t<\/div>\n\t\t<\/div>\n\t\t\t\t<div class=\"elementor-column elementor-col-33 elementor-top-column elementor-element elementor-element-31d45d0\" data-id=\"31d45d0\" data-element_type=\"column\">\n\t\t\t<div class=\"elementor-widget-wrap elementor-element-populated\">\n\t\t\t\t\t\t\t\t<div class=\"elementor-element elementor-element-64fd1e5 elementor-widget elementor-widget-egovenzfeaturebox\" data-id=\"64fd1e5\" data-element_type=\"widget\" data-widget_type=\"egovenzfeaturebox.default\">\n\t\t\t\t<div class=\"elementor-widget-container feature-box-wrapper img-scale text-left feature-box-classic shortcode-rand-3 egovenz-inline-css\" data-css=\"&quot;.shortcode-rand-3.feature-box-wrapper .feature-box-inner &gt; *:nth-child(1), .shortcode-rand-3.feature-box-wrapper &gt; .media &gt; .media-body &gt; *:nth-child(1) { margin-bottom: 20px; }.shortcode-rand-3.feature-box-wrapper .feature-box-inner &gt; *:nth-child(2), .shortcode-rand-3.feature-box-wrapper &gt; .media &gt; .media-body &gt; *:nth-child(2) { margin-bottom: 20px; }.shortcode-rand-3.feature-box-wrapper .feature-box-inner &gt; *:nth-child(3), .shortcode-rand-3.feature-box-wrapper &gt; .media &gt; .media-body &gt; *:nth-child(3) { margin-bottom: 0px; }&quot;\">\r\n\t\t\t<div class=\"feature-box-inner\"><h5 class=\"feature-box-title\">Ibituma bose bashikirwa \nn\u2019ubuhinga <\/h5><div class=\"fbox-content\">Aka gace k\u2019igisata kazohangana n\u2019intambamyi\n zijanye n\u2019abakeneye ubuhinga zigatuma \nbigorane kubushikira. Kazokwibanda ku duce \nturi inyuma gusumba utundi, cane cane mu \nmitumba hamwe n\u2019imigwi ibangamiwe.<\/div><\/div>\t\t<\/div>\r\n\t\t\t\t<\/div>\n\t\t\t\t\t<\/div>\n\t\t<\/div>\n\t\t\t\t\t\t\t<\/div>\n\t\t<\/section>\n\t\t\t\t<section class=\"elementor-section elementor-top-section elementor-element elementor-element-b9dd4b6 elementor-section-stretched elementor-section-boxed elementor-section-height-default elementor-section-height-default\" data-id=\"b9dd4b6\" data-element_type=\"section\" data-settings=\"{&quot;stretch_section&quot;:&quot;section-stretched&quot;,&quot;background_background&quot;:&quot;classic&quot;,&quot;shape_divider_top&quot;:&quot;tilt&quot;}\">\n\t\t\t\t\t<div class=\"elementor-shape elementor-shape-top\" data-negative=\"false\">\n\t\t\t<svg xmlns=\"http:\/\/www.w3.org\/2000\/svg\" viewbox=\"0 0 1000 100\" preserveaspectratio=\"none\">\n\t<path class=\"elementor-shape-fill\" d=\"M0,6V0h1000v100L0,6z\"\/>\n<\/svg>\t\t<\/div>\n\t\t\t\t\t<div class=\"elementor-container elementor-column-gap-default\">\n\t\t\t\t\t<div class=\"elementor-column elementor-col-100 elementor-top-column elementor-element elementor-element-db13c48\" data-id=\"db13c48\" data-element_type=\"column\">\n\t\t\t<div class=\"elementor-widget-wrap elementor-element-populated\">\n\t\t\t\t\t\t\t\t<section class=\"elementor-section elementor-inner-section elementor-element elementor-element-daadd89 elementor-section-boxed elementor-section-height-default elementor-section-height-default\" data-id=\"daadd89\" data-element_type=\"section\">\n\t\t\t\t\t\t<div class=\"elementor-container elementor-column-gap-default\">\n\t\t\t\t\t<div class=\"elementor-column elementor-col-33 elementor-inner-column elementor-element elementor-element-0fb115f elementor-hidden-tablet elementor-hidden-mobile\" data-id=\"0fb115f\" data-element_type=\"column\">\n\t\t\t<div class=\"elementor-widget-wrap\">\n\t\t\t\t\t\t\t\t\t<\/div>\n\t\t<\/div>\n\t\t\t\t<div class=\"elementor-column elementor-col-33 elementor-inner-column elementor-element elementor-element-233901e\" data-id=\"233901e\" data-element_type=\"column\">\n\t\t\t<div class=\"elementor-widget-wrap elementor-element-populated\">\n\t\t\t\t\t\t\t\t<div class=\"elementor-element elementor-element-ab0ed70 elementor-widget elementor-widget-egovenzsectiontitle\" data-id=\"ab0ed70\" data-element_type=\"widget\" data-widget_type=\"egovenzsectiontitle.default\">\n\t\t\t\t<div class=\"elementor-widget-container\">\n\t\t\t<div class=\"section-title-wrapper text-center\"><div class=\"title-wrap\"><h3 class=\"section-title\">Gushikira <span class=\"title-suffix theme-color\">enterinete y\u2019iwanyu<\/span><\/h3><\/div><!-- .title-wrap --><div class=\"section-description\">Imigambi yashizwe imbere izofasha mu gushikira abantu badafise enterinete no kuzibira ikinogo c\u2019ubuhinga, ihereye ku baba mu mitumba. Mu bikorwa bizohabwa uburyo muri aka gace k\u2019igisata harimwo:<\/div><!-- .section-description --><\/div><!-- .section-title-wrapper -->\t\t<\/div>\n\t\t\t\t<\/div>\n\t\t\t\t\t<\/div>\n\t\t<\/div>\n\t\t\t\t<div class=\"elementor-column elementor-col-33 elementor-inner-column elementor-element elementor-element-744d8ff elementor-hidden-tablet elementor-hidden-mobile\" data-id=\"744d8ff\" data-element_type=\"column\">\n\t\t\t<div class=\"elementor-widget-wrap\">\n\t\t\t\t\t\t\t\t\t<\/div>\n\t\t<\/div>\n\t\t\t\t\t\t\t<\/div>\n\t\t<\/section>\n\t\t\t\t<section class=\"elementor-section elementor-inner-section elementor-element elementor-element-f1ca7d2 elementor-section-boxed elementor-section-height-default elementor-section-height-default\" data-id=\"f1ca7d2\" data-element_type=\"section\">\n\t\t\t\t\t\t<div class=\"elementor-container elementor-column-gap-default\">\n\t\t\t\t\t<div class=\"elementor-column elementor-col-50 elementor-inner-column elementor-element elementor-element-4c8a02c\" data-id=\"4c8a02c\" data-element_type=\"column\">\n\t\t\t<div class=\"elementor-widget-wrap elementor-element-populated\">\n\t\t\t\t\t\t\t\t<div class=\"elementor-element elementor-element-d8679ac elementor-widget elementor-widget-egovenzfeaturebox\" data-id=\"d8679ac\" data-element_type=\"widget\" data-widget_type=\"egovenzfeaturebox.default\">\n\t\t\t\t<div class=\"elementor-widget-container feature-box-wrapper shortcode-rand-4 egovenz-inline-css\" data-css=\"&quot;.shortcode-rand-4.feature-box-wrapper .feature-box-inner &gt; *:nth-child(1), .shortcode-rand-4.feature-box-wrapper &gt; .media &gt; .media-body &gt; *:nth-child(1) { margin-bottom: 10px; }&quot;\">\r\n\t\t\t<div class=\"media\"><div class=\"media-icon-part\"><div class=\"feature-box-icon\"><span class=\"text-center icon-dark rounded-circle fa fa-check-square-o\"><\/span><\/div><\/div><div class=\"media-body\"><h5 class=\"feature-box-title\">Umugambi wo gutanga enterinete mu mitumba<\/h5><div class=\"fbox-content\">Iki gikorwa kizotumbera uturere two mu mitumba aho ubudandaji bufatiye kuri \nenterinete budakwiye mu ntumbero yo gushigikira inyubako za kijambere zikwega \nenterinete. Kizofasha gukwiragize ibikorwa vya enterinete nyinshi muri utwo turere \nbiciye ku badandaza batsindiye isoko.<\/div><\/div><!-- .media-body --><\/div><!-- .media -->\t\t<\/div>\r\n\t\t\t\t<\/div>\n\t\t\t\t\t<\/div>\n\t\t<\/div>\n\t\t\t\t<div class=\"elementor-column elementor-col-50 elementor-inner-column elementor-element elementor-element-09c0e53\" data-id=\"09c0e53\" data-element_type=\"column\">\n\t\t\t<div class=\"elementor-widget-wrap elementor-element-populated\">\n\t\t\t\t\t\t\t\t<div class=\"elementor-element elementor-element-58eb4f1 elementor-widget elementor-widget-egovenzfeaturebox\" data-id=\"58eb4f1\" data-element_type=\"widget\" data-widget_type=\"egovenzfeaturebox.default\">\n\t\t\t\t<div class=\"elementor-widget-container feature-box-wrapper shortcode-rand-5 egovenz-inline-css\" data-css=\"&quot;.shortcode-rand-5.feature-box-wrapper .feature-box-inner &gt; *:nth-child(1), .shortcode-rand-5.feature-box-wrapper &gt; .media &gt; .media-body &gt; *:nth-child(1) { margin-bottom: 10px; }&quot;\">\r\n\t\t\t<div class=\"media\"><div class=\"media-icon-part\"><div class=\"feature-box-icon\"><span class=\"text-center icon-dark rounded-circle fa fa-check-square-o\"><\/span><\/div><\/div><div class=\"media-body\"><h5 class=\"feature-box-title\">Umugambi wa enterinete mu mashure ya kaminuza .<\/h5><div class=\"fbox-content\">Iki gikorwa kizofasha BERNET, kiyishoboze kwongereza ubufasha iha amashure ya \nkaminuza mu kurihira BERNET imbere y\u2019igihe amafaranga yo kwiyandikisha muri Africa \nConnect 2 na 3, bigatuma amashure 16 ari muri uwo mugambi ari mu Burundi aronka \nenterinete mvamakungu irihiwe amafaranga make kugira ayo mashure aronke \nimfashanyigisho n\u2019utundi turusho dutangwa na Africa Connect ifashwe mu mugongo\n n\u2019ishirahamwe rya buraya.<\/div><\/div><!-- .media-body --><\/div><!-- .media -->\t\t<\/div>\r\n\t\t\t\t<\/div>\n\t\t\t\t\t<\/div>\n\t\t<\/div>\n\t\t\t\t\t\t\t<\/div>\n\t\t<\/section>\n\t\t\t\t\t<\/div>\n\t\t<\/div>\n\t\t\t\t\t\t\t<\/div>\n\t\t<\/section>\n\t\t\t\t<section class=\"elementor-section elementor-top-section elementor-element elementor-element-a872b36 elementor-section-content-middle elementor-section-stretched bg-none-1024 elementor-section-boxed elementor-section-height-default elementor-section-height-default\" data-id=\"a872b36\" data-element_type=\"section\" data-settings=\"{&quot;stretch_section&quot;:&quot;section-stretched&quot;,&quot;background_background&quot;:&quot;gradient&quot;}\">\n\t\t\t\t\t\t\t<div class=\"elementor-background-overlay\"><\/div>\n\t\t\t\t\t\t\t<div class=\"elementor-container elementor-column-gap-default\">\n\t\t\t\t\t<div class=\"elementor-column elementor-col-100 elementor-top-column elementor-element elementor-element-580a509\" data-id=\"580a509\" data-element_type=\"column\" data-settings=\"{&quot;background_background&quot;:&quot;classic&quot;}\">\n\t\t\t<div class=\"elementor-widget-wrap elementor-element-populated\">\n\t\t\t\t\t\t\t\t<section class=\"elementor-section elementor-inner-section elementor-element elementor-element-715695c elementor-section-content-middle elementor-section-boxed elementor-section-height-default elementor-section-height-default\" data-id=\"715695c\" data-element_type=\"section\">\n\t\t\t\t\t\t<div class=\"elementor-container elementor-column-gap-extended\">\n\t\t\t\t\t<div class=\"elementor-column elementor-col-50 elementor-inner-column elementor-element elementor-element-12d7ff9\" data-id=\"12d7ff9\" data-element_type=\"column\">\n\t\t\t<div class=\"elementor-widget-wrap elementor-element-populated\">\n\t\t\t\t\t\t\t\t<div class=\"elementor-element elementor-element-8f5bf3a elementor-widget elementor-widget-image\" data-id=\"8f5bf3a\" data-element_type=\"widget\" data-widget_type=\"image.default\">\n\t\t\t\t<div class=\"elementor-widget-container\">\n\t\t\t<style>\/*! elementor - v3.13.1 - 09-05-2023 *\/\n.elementor-widget-image{text-align:center}.elementor-widget-image a{display:inline-block}.elementor-widget-image a img[src$=\".svg\"]{width:48px}.elementor-widget-image img{vertical-align:middle;display:inline-block}<\/style>\t\t\t\t\t\t\t\t\t\t\t\t<img loading=\"lazy\" decoding=\"async\" width=\"700\" height=\"525\" src=\"https:\/\/pafen.aclislab.xyz\/wp-content\/uploads\/2023\/04\/16.jpg\" class=\"attachment-full size-full wp-image-17528\" alt=\"\" \/>\t\t\t\t\t\t\t\t\t\t\t\t\t\t\t<\/div>\n\t\t\t\t<\/div>\n\t\t\t\t\t<\/div>\n\t\t<\/div>\n\t\t\t\t<div class=\"elementor-column elementor-col-50 elementor-inner-column elementor-element elementor-element-e03250b\" data-id=\"e03250b\" data-element_type=\"column\">\n\t\t\t<div class=\"elementor-widget-wrap elementor-element-populated\">\n\t\t\t\t\t\t\t\t<div class=\"elementor-element elementor-element-df24c2a elementor-widget elementor-widget-egovenzsectiontitle\" data-id=\"df24c2a\" data-element_type=\"widget\" data-widget_type=\"egovenzsectiontitle.default\">\n\t\t\t\t<div class=\"elementor-widget-container\">\n\t\t\t<div class=\"section-title-wrapper\"><div class=\"title-wrap\"><h2 class=\"section-title\">Ibituma bose <span class=\"title-suffix theme-color\"> baronka ubuhinga <\/span><\/h2><span class=\"title-separator separator-border theme-color-bg\"><\/span><\/div><!-- .title-wrap --><div class=\"section-description\">Buzokwibanda ku bantu bari inyuma gusumba abandi cane cane uduce two mu mitumba (harimwo uturere turimwo ubushuhe), abakenyezi n\u2019abigeme (nk\u2019akarorero, biciye mu mashirahamwe y\u2019abakenyezi), n\u2019imigwi ibangamiwe ariko yoshobora gukamisha enterinete nziza hamwe n\u2019ibikorwa vy\u2019ubuhinga (nk\u2019akarorero, ibikoresho vy\u2019ibigo vy\u2019abagendana ubumuga, amashishirahamwe yemewe n\u2019amategeko) hamwe n\u2019imigwi ibukoresha mu bice vyashizwe imbere (nk\u2019akarorero, igisata c\u2019indero). Ibikorwa vyahawe uburyo bizofasha mu:<\/div><!-- .section-description --><\/div><!-- .section-title-wrapper -->\t\t<\/div>\n\t\t\t\t<\/div>\n\t\t\t\t<div class=\"elementor-element elementor-element-3152688 elementor-widget elementor-widget-egovenziconlist\" data-id=\"3152688\" data-element_type=\"widget\" data-widget_type=\"egovenziconlist.default\">\n\t\t\t\t<div class=\"elementor-widget-container\">\n\t\t\t<div class=\"icon-list-wrapper\"><ul class=\"nav flex-column vertical-icon-list\"><li class=\"icon-parent\"><span class=\"icon-dark fa fa-circle\"><\/span>Gukomeza kumenyekanisha uburusho bwo gukoresha ubuhinga \nbwa none <\/li><li class=\"icon-parent\"><span class=\"icon-dark fa fa-circle\"><\/span>Kuduza ugushikira ibikoresho vyakira enterinete nyinshi<\/li><li class=\"icon-parent\"><span class=\"icon-dark fa fa-circle\"><\/span>Guteza imbere umuco w\u2019ugukoresha ubuhinga <\/li><\/ul><\/div><!-- .icon-list-wrapper -->\t\t<\/div>\n\t\t\t\t<\/div>\n\t\t\t\t\t<\/div>\n\t\t<\/div>\n\t\t\t\t\t\t\t<\/div>\n\t\t<\/section>\n\t\t\t\t\t<\/div>\n\t\t<\/div>\n\t\t\t\t\t\t\t<\/div>\n\t\t<\/section>\n\t\t\t\t<section class=\"elementor-section elementor-top-section elementor-element elementor-element-11416fe elementor-section-stretched elementor-section-boxed elementor-section-height-default elementor-section-height-default\" data-id=\"11416fe\" data-element_type=\"section\" data-settings=\"{&quot;stretch_section&quot;:&quot;section-stretched&quot;,&quot;background_background&quot;:&quot;classic&quot;,&quot;shape_divider_top&quot;:&quot;tilt&quot;}\">\n\t\t\t\t\t<div class=\"elementor-shape elementor-shape-top\" data-negative=\"false\">\n\t\t\t<svg xmlns=\"http:\/\/www.w3.org\/2000\/svg\" viewbox=\"0 0 1000 100\" preserveaspectratio=\"none\">\n\t<path class=\"elementor-shape-fill\" d=\"M0,6V0h1000v100L0,6z\"\/>\n<\/svg>\t\t<\/div>\n\t\t\t\t\t<div class=\"elementor-container elementor-column-gap-default\">\n\t\t\t\t\t<div class=\"elementor-column elementor-col-100 elementor-top-column elementor-element elementor-element-847825e\" data-id=\"847825e\" data-element_type=\"column\">\n\t\t\t<div class=\"elementor-widget-wrap elementor-element-populated\">\n\t\t\t\t\t\t\t\t<section class=\"elementor-section elementor-inner-section elementor-element elementor-element-ea91b7f elementor-section-boxed elementor-section-height-default elementor-section-height-default\" data-id=\"ea91b7f\" data-element_type=\"section\">\n\t\t\t\t\t\t<div class=\"elementor-container elementor-column-gap-default\">\n\t\t\t\t\t<div class=\"elementor-column elementor-col-33 elementor-inner-column elementor-element elementor-element-2bdda9c elementor-hidden-tablet elementor-hidden-mobile\" data-id=\"2bdda9c\" data-element_type=\"column\">\n\t\t\t<div class=\"elementor-widget-wrap\">\n\t\t\t\t\t\t\t\t\t<\/div>\n\t\t<\/div>\n\t\t\t\t<div class=\"elementor-column elementor-col-33 elementor-inner-column elementor-element elementor-element-35600e1\" data-id=\"35600e1\" data-element_type=\"column\">\n\t\t\t<div class=\"elementor-widget-wrap elementor-element-populated\">\n\t\t\t\t\t\t\t\t<div class=\"elementor-element elementor-element-9927e39 elementor-widget elementor-widget-egovenzsectiontitle\" data-id=\"9927e39\" data-element_type=\"widget\" data-widget_type=\"egovenzsectiontitle.default\">\n\t\t\t\t<div class=\"elementor-widget-container\">\n\t\t\t<div class=\"section-title-wrapper text-center\"><div class=\"title-wrap\"><h3 class=\"section-title\">Murafise ibibazo ?<\/h3><span class=\"title-separator separator-border theme-color-bg\"><\/span><\/div><!-- .title-wrap --><div class=\"section-description\">Mukaba mufise ibibazo kuri uwu mugambi wacu, ntimureke kuturondera. Abakozi bacu bazokwama biteguye kubafasha. <p><a class=\"btn border\" href=\"#\" title=\"Twandikire\">Twandikire<\/a><\/p><\/div><!-- .section-description --><\/div><!-- .section-title-wrapper -->\t\t<\/div>\n\t\t\t\t<\/div>\n\t\t\t\t\t<\/div>\n\t\t<\/div>\n\t\t\t\t<div class=\"elementor-column elementor-col-33 elementor-inner-column elementor-element elementor-element-a7120b3 elementor-hidden-tablet elementor-hidden-mobile\" data-id=\"a7120b3\" data-element_type=\"column\">\n\t\t\t<div class=\"elementor-widget-wrap\">\n\t\t\t\t\t\t\t\t\t<\/div>\n\t\t<\/div>\n\t\t\t\t\t\t\t<\/div>\n\t\t<\/section>\n\t\t\t\t\t<\/div>\n\t\t<\/div>\n\t\t\t\t\t\t\t<\/div>\n\t\t<\/section>\n\t\t\t\t\t\t\t<\/div>","protected":false},"excerpt":{"rendered":"<p>Acc\u00e8s et inclusion Num\u00e9riques Cette composante soutiendra un acc\u00e8s plus large \u00e0 la large bande, ainsi que l&rsquo;adoption de services bas\u00e9s sur les donn\u00e9es. Elle le fera en finan\u00e7ant des activit\u00e9s qui contribuent \u00e0 renforcer l&rsquo;environnement favorable au d\u00e9veloppement du march\u00e9 de la large bande, des investissements catalytiques pour \u00e9tendre les r\u00e9seaux d&rsquo;acc\u00e8s locaux, et<\/p>","protected":false},"author":1,"featured_media":0,"parent":0,"menu_order":0,"comment_status":"closed","ping_status":"closed","template":"","meta":{"_bbp_topic_count":0,"_bbp_reply_count":0,"_bbp_total_topic_count":0,"_bbp_total_reply_count":0,"_bbp_voice_count":0,"_bbp_anonymous_reply_count":0,"_bbp_topic_count_hidden":0,"_bbp_reply_count_hidden":0,"_bbp_forum_subforum_count":0,"footnotes":""},"class_list":["post-17498","page","type-page","status-publish","hentry"],"_links":{"self":[{"href":"https:\/\/pafen.aclislab.xyz\/bi\/wp-json\/wp\/v2\/pages\/17498","targetHints":{"allow":["GET"]}}],"collection":[{"href":"https:\/\/pafen.aclislab.xyz\/bi\/wp-json\/wp\/v2\/pages"}],"about":[{"href":"https:\/\/pafen.aclislab.xyz\/bi\/wp-json\/wp\/v2\/types\/page"}],"author":[{"embeddable":true,"href":"https:\/\/pafen.aclislab.xyz\/bi\/wp-json\/wp\/v2\/users\/1"}],"replies":[{"embeddable":true,"href":"https:\/\/pafen.aclislab.xyz\/bi\/wp-json\/wp\/v2\/comments?post=17498"}],"version-history":[{"count":43,"href":"https:\/\/pafen.aclislab.xyz\/bi\/wp-json\/wp\/v2\/pages\/17498\/revisions"}],"predecessor-version":[{"id":17956,"href":"https:\/\/pafen.aclislab.xyz\/bi\/wp-json\/wp\/v2\/pages\/17498\/revisions\/17956"}],"wp:attachment":[{"href":"https:\/\/pafen.aclislab.xyz\/bi\/wp-json\/wp\/v2\/media?parent=17498"}],"curies":[{"name":"wp","href":"https:\/\/api.w.org\/{rel}","templated":true}]}}