{"id":17613,"date":"2023-04-24T08:31:04","date_gmt":"2023-04-24T08:31:04","guid":{"rendered":"http:\/\/pafen.aclislab.xyz\/?page_id=17613"},"modified":"2024-08-06T21:00:10","modified_gmt":"2024-08-06T21:00:10","slug":"facilitateurs-de-la-prestation-de-services-publics","status":"publish","type":"page","link":"https:\/\/pafen.aclislab.xyz\/bi\/facilitateurs-de-la-prestation-de-services-publics\/","title":{"rendered":"Facilitateurs de la prestation de services publics"},"content":{"rendered":"<div data-elementor-type=\"wp-page\" data-elementor-id=\"17613\" class=\"elementor elementor-17613\">\n\t\t\t\t\t\t\t\t\t<section class=\"elementor-section elementor-top-section elementor-element elementor-element-50e68d6 elementor-section-content-middle elementor-section-stretched elementor-section-boxed elementor-section-height-default elementor-section-height-default\" data-id=\"50e68d6\" data-element_type=\"section\" data-settings=\"{&quot;stretch_section&quot;:&quot;section-stretched&quot;,&quot;background_background&quot;:&quot;classic&quot;,&quot;shape_divider_bottom&quot;:&quot;curve&quot;,&quot;shape_divider_bottom_negative&quot;:&quot;yes&quot;}\">\n\t\t\t\t\t\t\t<div class=\"elementor-background-overlay\"><\/div>\n\t\t\t\t\t\t<div class=\"elementor-shape elementor-shape-bottom\" data-negative=\"true\">\n\t\t\t<svg xmlns=\"http:\/\/www.w3.org\/2000\/svg\" viewbox=\"0 0 1000 100\" preserveaspectratio=\"none\">\n\t<path class=\"elementor-shape-fill\" d=\"M500,97C126.7,96.3,0.8,19.8,0,0v100l1000,0V1C1000,19.4,873.3,97.8,500,97z\"\/>\n<\/svg>\t\t<\/div>\n\t\t\t\t\t<div class=\"elementor-container elementor-column-gap-default\">\n\t\t\t\t\t<div class=\"elementor-column elementor-col-50 elementor-top-column elementor-element elementor-element-55490f5\" data-id=\"55490f5\" data-element_type=\"column\">\n\t\t\t<div class=\"elementor-widget-wrap elementor-element-populated\">\n\t\t\t\t\t\t\t\t<div class=\"elementor-element elementor-element-d8a3b4b elementor-widget elementor-widget-egovenzsectiontitle\" data-id=\"d8a3b4b\" data-element_type=\"widget\" data-widget_type=\"egovenzsectiontitle.default\">\n\t\t\t\t<div class=\"elementor-widget-container\">\n\t\t\t<div class=\"section-title-wrapper\"><div class=\"title-wrap\"><h2 class=\"section-title\">Aborosha  ibikorwa  <span class=\"title-suffix theme-color\">vya reta vy\u2019ubuhinga<\/span><\/h2><span class=\"title-separator separator-border theme-color-bg\"><\/span><\/div><!-- .title-wrap --><div class=\"section-description\">Iki gisata kizokoresha ubuhinga bwa reta mu gutunganya \u00ab umutekero w\u2019ubuhinga\u00bb bwa reta y\u2019Uburundi mu bijanye n\u2019ibikorwa vy\u2019ubuhinga. Izokwibanda cane cane ku ntwaro harimwo n\u2019inyubako z\u2019ubuhinga zikoreshwa kenshi kandi zisangirwa, amahuriro y\u2019intwaro yemewe n\u2019amategeko, mu ntumbero yo guteza imbere no kwagura ubushobozi bwa reta ngo ifashe abantu ikoresheje ubuhinga, mu kugabanya ukwicamwo ibice no mu gufasha ihinduka ribandanya rya reta, hamwe n\u2019ugukora neza kw\u2019ivya nkenerwa (nk\u2019akarorero, mu kugabanya ukwisubiriza kw\u2019inyubako).<\/div><!-- .section-description --><\/div><!-- .section-title-wrapper -->\t\t<\/div>\n\t\t\t\t<\/div>\n\t\t\t\t\t<\/div>\n\t\t<\/div>\n\t\t\t\t<div class=\"elementor-column elementor-col-50 elementor-top-column elementor-element elementor-element-5589b25\" data-id=\"5589b25\" data-element_type=\"column\" data-settings=\"{&quot;background_background&quot;:&quot;classic&quot;}\">\n\t\t\t<div class=\"elementor-widget-wrap elementor-element-populated\">\n\t\t\t\t\t\t\t\t<div class=\"elementor-element elementor-element-23bb7b1 elementor-absolute elementor-widget elementor-widget-egovenzpopup-anything\" data-id=\"23bb7b1\" data-element_type=\"widget\" data-settings=\"{&quot;_position&quot;:&quot;absolute&quot;}\" data-widget_type=\"egovenzpopup-anything.default\">\n\t\t\t\t\r\n\t\t<div class=\"elementor-widget-container popup-anything-wrapper anim light text-center\">\r\n\t\t\r\n\t\t\t<a class=\"popup-video-post popup-trigger-icon icon-theme-color\" href=\"https:\/\/www.youtube.com\/watch?v=7S7smPw9EiE\"><span class=\"ti-control-play\"><\/span><\/a>\t\t\t\r\n\t\t<\/div>\r\n\t\t\t\t<\/div>\n\t\t\t\t\t<\/div>\n\t\t<\/div>\n\t\t\t\t\t\t\t<\/div>\n\t\t<\/section>\n\t\t\t\t<section class=\"elementor-section elementor-top-section elementor-element elementor-element-39bba8c elementor-section-boxed elementor-section-height-default elementor-section-height-default\" data-id=\"39bba8c\" data-element_type=\"section\">\n\t\t\t\t\t\t<div class=\"elementor-container elementor-column-gap-default\">\n\t\t\t\t\t<div class=\"elementor-column elementor-col-33 elementor-top-column elementor-element elementor-element-2383720\" data-id=\"2383720\" data-element_type=\"column\">\n\t\t\t<div class=\"elementor-widget-wrap elementor-element-populated\">\n\t\t\t\t\t\t\t\t<div class=\"elementor-element elementor-element-b6b0f35 elementor-widget elementor-widget-egovenzfeaturebox\" data-id=\"b6b0f35\" data-element_type=\"widget\" data-widget_type=\"egovenzfeaturebox.default\">\n\t\t\t\t<div class=\"elementor-widget-container feature-box-wrapper img-scale text-left feature-box-classic shortcode-rand-1 egovenz-inline-css\" data-css=\"&quot;.shortcode-rand-1.feature-box-wrapper .feature-box-inner &gt; *:nth-child(1), .shortcode-rand-1.feature-box-wrapper &gt; .media &gt; .media-body &gt; *:nth-child(1) { margin-bottom: 20px; }.shortcode-rand-1.feature-box-wrapper .feature-box-inner &gt; *:nth-child(2), .shortcode-rand-1.feature-box-wrapper &gt; .media &gt; .media-body &gt; *:nth-child(2) { margin-bottom: 20px; }.shortcode-rand-1.feature-box-wrapper .feature-box-inner &gt; *:nth-child(3), .shortcode-rand-1.feature-box-wrapper &gt; .media &gt; .media-body &gt; *:nth-child(3) { margin-bottom: 0px; }&quot;\">\r\n\t\t\t<div class=\"feature-box-inner\"><h5 class=\"feature-box-title\">Inzego mu vy\u2019ubutungane, mu\n vy\u2019 intwaro no mu vy\u2019ubuhinga\n mu gutanga ibikorwa \nvy\u2019ubuhinga<\/h5><div class=\"fbox-content\">Aka gace k\u2019igisata kazofasha guteza imbere \nindongozi nkuru-nkuru ari nazo zituma \nhatangwa ibikorwa vy\u2019ubuhinga mu buryo \nbwizewe kandi bukozwe neza.<\/div><\/div>\t\t<\/div>\r\n\t\t\t\t<\/div>\n\t\t\t\t\t<\/div>\n\t\t<\/div>\n\t\t\t\t<div class=\"elementor-column elementor-col-33 elementor-top-column elementor-element elementor-element-c95ef6b\" data-id=\"c95ef6b\" data-element_type=\"column\">\n\t\t\t<div class=\"elementor-widget-wrap elementor-element-populated\">\n\t\t\t\t\t\t\t\t<div class=\"elementor-element elementor-element-7f58f40 elementor-widget elementor-widget-egovenzfeaturebox\" data-id=\"7f58f40\" data-element_type=\"widget\" data-widget_type=\"egovenzfeaturebox.default\">\n\t\t\t\t<div class=\"elementor-widget-container feature-box-wrapper img-scale text-left shortcode-rand-2 egovenz-inline-css\" data-css=\"&quot;.shortcode-rand-2.feature-box-wrapper .feature-box-inner &gt; *:nth-child(1), .shortcode-rand-2.feature-box-wrapper &gt; .media &gt; .media-body &gt; *:nth-child(1) { margin-bottom: 20px; }.shortcode-rand-2.feature-box-wrapper .feature-box-inner &gt; *:nth-child(2), .shortcode-rand-2.feature-box-wrapper &gt; .media &gt; .media-body &gt; *:nth-child(2) { margin-bottom: 20px; }.shortcode-rand-2.feature-box-wrapper .feature-box-inner &gt; *:nth-child(3), .shortcode-rand-2.feature-box-wrapper &gt; .media &gt; .media-body &gt; *:nth-child(3) { margin-bottom: 0px; }&quot;\">\r\n\t\t\t<div class=\"feature-box-inner\"><h5 class=\"feature-box-title\">Inyubako n\u2019imbuga za reta zo \nmu buhinga kandi zisangiwe <\/h5><div class=\"fbox-content\">Aka gace k\u2019igisata kazoduza ubushobozi bwa \nreta bwo gushikiriza abantu ubuhinga \nibicishije mu nyubako, imbuga n\u2019ubushobozi \nbw\u2019ubuhinga  bwa reta busangiwe kandi \nbukingiwe. <\/div><\/div>\t\t<\/div>\r\n\t\t\t\t<\/div>\n\t\t\t\t\t<\/div>\n\t\t<\/div>\n\t\t\t\t<div class=\"elementor-column elementor-col-33 elementor-top-column elementor-element elementor-element-31d45d0\" data-id=\"31d45d0\" data-element_type=\"column\">\n\t\t\t<div class=\"elementor-widget-wrap elementor-element-populated\">\n\t\t\t\t\t\t\t\t<div class=\"elementor-element elementor-element-64fd1e5 elementor-widget elementor-widget-egovenzfeaturebox\" data-id=\"64fd1e5\" data-element_type=\"widget\" data-widget_type=\"egovenzfeaturebox.default\">\n\t\t\t\t<div class=\"elementor-widget-container feature-box-wrapper img-scale text-left feature-box-classic shortcode-rand-3 egovenz-inline-css\" data-css=\"&quot;.shortcode-rand-3.feature-box-wrapper .feature-box-inner &gt; *:nth-child(1), .shortcode-rand-3.feature-box-wrapper &gt; .media &gt; .media-body &gt; *:nth-child(1) { margin-bottom: 20px; }.shortcode-rand-3.feature-box-wrapper .feature-box-inner &gt; *:nth-child(2), .shortcode-rand-3.feature-box-wrapper &gt; .media &gt; .media-body &gt; *:nth-child(2) { margin-bottom: 20px; }.shortcode-rand-3.feature-box-wrapper .feature-box-inner &gt; *:nth-child(3), .shortcode-rand-3.feature-box-wrapper &gt; .media &gt; .media-body &gt; *:nth-child(3) { margin-bottom: 0px; }&quot;\">\r\n\t\t\t<div class=\"feature-box-inner\"><h5 class=\"feature-box-title\">Gushira mu buhinga bwa none\n ibikorwa bimwe bimwe vya\n reta n\u2019imigambi mboneza <\/h5><div class=\"fbox-content\">Aka gace k\u2019igisata kazoshigikira ishirwa mu\n buhinga ry\u2019ibikorwa vyatowe kuko bizana \nimpinduka nini kandi bironderwa cane. \nKazoba karimwo ibikorwa bitumbereye \ngufasha ishirwa mu buhinga ry\u2019ibikorwa\n bimwe bimwe reta ikora kubwayo nyene,\n kubw\u2019abantu canke kubw\u2019amashirahamwe. <\/div><\/div>\t\t<\/div>\r\n\t\t\t\t<\/div>\n\t\t\t\t\t<\/div>\n\t\t<\/div>\n\t\t\t\t\t\t\t<\/div>\n\t\t<\/section>\n\t\t\t\t<section class=\"elementor-section elementor-top-section elementor-element elementor-element-b9dd4b6 elementor-section-stretched elementor-section-boxed elementor-section-height-default elementor-section-height-default\" data-id=\"b9dd4b6\" data-element_type=\"section\" data-settings=\"{&quot;stretch_section&quot;:&quot;section-stretched&quot;,&quot;background_background&quot;:&quot;classic&quot;,&quot;shape_divider_top&quot;:&quot;tilt&quot;}\">\n\t\t\t\t\t<div class=\"elementor-shape elementor-shape-top\" data-negative=\"false\">\n\t\t\t<svg xmlns=\"http:\/\/www.w3.org\/2000\/svg\" viewbox=\"0 0 1000 100\" preserveaspectratio=\"none\">\n\t<path class=\"elementor-shape-fill\" d=\"M0,6V0h1000v100L0,6z\"\/>\n<\/svg>\t\t<\/div>\n\t\t\t\t\t<div class=\"elementor-container elementor-column-gap-default\">\n\t\t\t\t\t<div class=\"elementor-column elementor-col-100 elementor-top-column elementor-element elementor-element-db13c48\" data-id=\"db13c48\" data-element_type=\"column\">\n\t\t\t<div class=\"elementor-widget-wrap elementor-element-populated\">\n\t\t\t\t\t\t\t\t<section class=\"elementor-section elementor-inner-section elementor-element elementor-element-daadd89 elementor-section-boxed elementor-section-height-default elementor-section-height-default\" data-id=\"daadd89\" data-element_type=\"section\">\n\t\t\t\t\t\t<div class=\"elementor-container elementor-column-gap-default\">\n\t\t\t\t\t<div class=\"elementor-column elementor-col-33 elementor-inner-column elementor-element elementor-element-0fb115f elementor-hidden-tablet elementor-hidden-mobile\" data-id=\"0fb115f\" data-element_type=\"column\">\n\t\t\t<div class=\"elementor-widget-wrap\">\n\t\t\t\t\t\t\t\t\t<\/div>\n\t\t<\/div>\n\t\t\t\t<div class=\"elementor-column elementor-col-33 elementor-inner-column elementor-element elementor-element-233901e\" data-id=\"233901e\" data-element_type=\"column\">\n\t\t\t<div class=\"elementor-widget-wrap elementor-element-populated\">\n\t\t\t\t\t\t\t\t<div class=\"elementor-element elementor-element-ab0ed70 elementor-widget elementor-widget-egovenzsectiontitle\" data-id=\"ab0ed70\" data-element_type=\"widget\" data-widget_type=\"egovenzsectiontitle.default\">\n\t\t\t\t<div class=\"elementor-widget-container\">\n\t\t\t<div class=\"section-title-wrapper text-center\"><div class=\"title-wrap\"><h3 class=\"section-title\">Ishirwa mu buhinga  <span class=\"title-suffix theme-color\">ry\u2019ibikorwa bimwe-bimwe  n\u2019imigambi mboneza<\/span><\/h3><\/div><!-- .title-wrap --><div class=\"section-description\">Ivyisungwa mu guhitamwo bishobora kubamwo impinduka ku buhinga kuri bose, ukwitegurira ubuhinga, inyungu y\u2019ugukora neza n\u2019impinduka zishoboka mu vy\u2019imibano n\u2019ubutunzi. Uburyo buzofasha kugura amalojisiyeli, ibikoresho bijanye n\u2019uguhemba abahinga bakenewe ku bikorwa vyose vyahiswemwo. Ibikorwa bizohabwa uburyo vyo muri aka gace k\u2019igisata bigizwe na :<\/div><!-- .section-description --><\/div><!-- .section-title-wrapper -->\t\t<\/div>\n\t\t\t\t<\/div>\n\t\t\t\t\t<\/div>\n\t\t<\/div>\n\t\t\t\t<div class=\"elementor-column elementor-col-33 elementor-inner-column elementor-element elementor-element-744d8ff elementor-hidden-tablet elementor-hidden-mobile\" data-id=\"744d8ff\" data-element_type=\"column\">\n\t\t\t<div class=\"elementor-widget-wrap\">\n\t\t\t\t\t\t\t\t\t<\/div>\n\t\t<\/div>\n\t\t\t\t\t\t\t<\/div>\n\t\t<\/section>\n\t\t\t\t<section class=\"elementor-section elementor-inner-section elementor-element elementor-element-f1ca7d2 elementor-section-boxed elementor-section-height-default elementor-section-height-default\" data-id=\"f1ca7d2\" data-element_type=\"section\">\n\t\t\t\t\t\t<div class=\"elementor-container elementor-column-gap-default\">\n\t\t\t\t\t<div class=\"elementor-column elementor-col-50 elementor-inner-column elementor-element elementor-element-4c8a02c\" data-id=\"4c8a02c\" data-element_type=\"column\">\n\t\t\t<div class=\"elementor-widget-wrap elementor-element-populated\">\n\t\t\t\t\t\t\t\t<div class=\"elementor-element elementor-element-d8679ac elementor-widget elementor-widget-egovenzfeaturebox\" data-id=\"d8679ac\" data-element_type=\"widget\" data-widget_type=\"egovenzfeaturebox.default\">\n\t\t\t\t<div class=\"elementor-widget-container feature-box-wrapper shortcode-rand-4 egovenz-inline-css\" data-css=\"&quot;.shortcode-rand-4.feature-box-wrapper .feature-box-inner &gt; *:nth-child(1), .shortcode-rand-4.feature-box-wrapper &gt; .media &gt; .media-body &gt; *:nth-child(1) { margin-bottom: 10px; }&quot;\">\r\n\t\t\t<div class=\"media\"><div class=\"media-icon-part\"><div class=\"feature-box-icon\"><span class=\"text-center icon-dark rounded-circle fa fa-check-square-o\"><\/span><\/div><\/div><div class=\"media-body\"><h5 class=\"feature-box-title\">Ibikorwa na apilikasiyo bisangiwe \nn\u2019intwaro rusangi<\/h5><div class=\"fbox-content\">Iki gikorwa gitumbereye guha uburyo ishirwaho ry\u2019ibikorwa n\u2019ama apilikasiyo rusangi\n makuru makuru mu ntwaro rusangi, nk\u2019ubuhinga bwo kumenyesha ikibaye biciye mu \nbutumwa bugufi, nk\u2019akarorero uguhanahana amakuru yo kugabisha iyo hateye ikiza \ncanke guhangana naco ; no gusubiramwo neza urubuga rwa reta, Isoko, kugira ngo\n hashirweho urubuga nyamukuru rwa reta ku bijanye n\u2019ubuhinga vyose.  <\/div><\/div><!-- .media-body --><\/div><!-- .media -->\t\t<\/div>\r\n\t\t\t\t<\/div>\n\t\t\t\t\t<\/div>\n\t\t<\/div>\n\t\t\t\t<div class=\"elementor-column elementor-col-50 elementor-inner-column elementor-element elementor-element-09c0e53\" data-id=\"09c0e53\" data-element_type=\"column\">\n\t\t\t<div class=\"elementor-widget-wrap elementor-element-populated\">\n\t\t\t\t\t\t\t\t<div class=\"elementor-element elementor-element-58eb4f1 elementor-widget elementor-widget-egovenzfeaturebox\" data-id=\"58eb4f1\" data-element_type=\"widget\" data-widget_type=\"egovenzfeaturebox.default\">\n\t\t\t\t<div class=\"elementor-widget-container feature-box-wrapper shortcode-rand-5 egovenz-inline-css\" data-css=\"&quot;.shortcode-rand-5.feature-box-wrapper .feature-box-inner &gt; *:nth-child(1), .shortcode-rand-5.feature-box-wrapper &gt; .media &gt; .media-body &gt; *:nth-child(1) { margin-bottom: 10px; }&quot;\">\r\n\t\t\t<div class=\"media\"><div class=\"media-icon-part\"><div class=\"feature-box-icon\"><span class=\"text-center icon-dark rounded-circle fa fa-check-square-o\"><\/span><\/div><\/div><div class=\"media-body\"><h5 class=\"feature-box-title\">Ishirwa mu buhinga ry\u2019ibikorwa mboneza vya reta \nn\u2019intwaro<\/h5><div class=\"fbox-content\">Iki gikorwa kizoha uburyo ivyo reta izokorera amashirahamwe n\u2019ivyo yikorera ubwayo biri mu\n nyubako n\u2019ibikorwa  bisangiwe. Uguhitamwo ibikorwa kuzokorwa hisunzwe isuzuma rikitse, \nurutonde hamwe n\u2019itohoza, mu ntumbero yo  kumenya ibikorwa bizana impidnduka nini cane cane\n ku banyagihugu bari inyuma y\u2019abandi. Ishirwa mu buhinga ry\u2019ivyo  bikorwa vya reta rizokorwa ku\n buryo rishikirwa na bose. <\/div><\/div><!-- .media-body --><\/div><!-- .media -->\t\t<\/div>\r\n\t\t\t\t<\/div>\n\t\t\t\t\t<\/div>\n\t\t<\/div>\n\t\t\t\t\t\t\t<\/div>\n\t\t<\/section>\n\t\t\t\t\t<\/div>\n\t\t<\/div>\n\t\t\t\t\t\t\t<\/div>\n\t\t<\/section>\n\t\t\t\t<section class=\"elementor-section elementor-top-section elementor-element elementor-element-a872b36 elementor-section-content-middle elementor-section-stretched bg-none-1024 elementor-section-boxed elementor-section-height-default elementor-section-height-default\" data-id=\"a872b36\" data-element_type=\"section\" data-settings=\"{&quot;stretch_section&quot;:&quot;section-stretched&quot;,&quot;background_background&quot;:&quot;gradient&quot;}\">\n\t\t\t\t\t\t\t<div class=\"elementor-background-overlay\"><\/div>\n\t\t\t\t\t\t\t<div class=\"elementor-container elementor-column-gap-default\">\n\t\t\t\t\t<div class=\"elementor-column elementor-col-100 elementor-top-column elementor-element elementor-element-580a509\" data-id=\"580a509\" data-element_type=\"column\" data-settings=\"{&quot;background_background&quot;:&quot;classic&quot;}\">\n\t\t\t<div class=\"elementor-widget-wrap elementor-element-populated\">\n\t\t\t\t\t\t\t\t<section class=\"elementor-section elementor-inner-section elementor-element elementor-element-715695c elementor-section-content-middle elementor-section-boxed elementor-section-height-default elementor-section-height-default\" data-id=\"715695c\" data-element_type=\"section\">\n\t\t\t\t\t\t<div class=\"elementor-container elementor-column-gap-extended\">\n\t\t\t\t\t<div class=\"elementor-column elementor-col-50 elementor-inner-column elementor-element elementor-element-12d7ff9\" data-id=\"12d7ff9\" data-element_type=\"column\">\n\t\t\t<div class=\"elementor-widget-wrap elementor-element-populated\">\n\t\t\t\t\t\t\t\t<div class=\"elementor-element elementor-element-8f5bf3a elementor-widget elementor-widget-image\" data-id=\"8f5bf3a\" data-element_type=\"widget\" data-widget_type=\"image.default\">\n\t\t\t\t<div class=\"elementor-widget-container\">\n\t\t\t<style>\/*! elementor - v3.13.1 - 09-05-2023 *\/\n.elementor-widget-image{text-align:center}.elementor-widget-image a{display:inline-block}.elementor-widget-image a img[src$=\".svg\"]{width:48px}.elementor-widget-image img{vertical-align:middle;display:inline-block}<\/style>\t\t\t\t\t\t\t\t\t\t\t\t<img loading=\"lazy\" decoding=\"async\" width=\"700\" height=\"525\" src=\"https:\/\/pafen.aclislab.xyz\/wp-content\/uploads\/2023\/04\/20.jpg\" class=\"attachment-full size-full wp-image-17618\" alt=\"\" \/>\t\t\t\t\t\t\t\t\t\t\t\t\t\t\t<\/div>\n\t\t\t\t<\/div>\n\t\t\t\t\t<\/div>\n\t\t<\/div>\n\t\t\t\t<div class=\"elementor-column elementor-col-50 elementor-inner-column elementor-element elementor-element-e03250b\" data-id=\"e03250b\" data-element_type=\"column\">\n\t\t\t<div class=\"elementor-widget-wrap elementor-element-populated\">\n\t\t\t\t\t\t\t\t<div class=\"elementor-element elementor-element-df24c2a elementor-widget elementor-widget-egovenzsectiontitle\" data-id=\"df24c2a\" data-element_type=\"widget\" data-widget_type=\"egovenzsectiontitle.default\">\n\t\t\t\t<div class=\"elementor-widget-container\">\n\t\t\t<div class=\"section-title-wrapper\"><div class=\"title-wrap\"><h2 class=\"section-title\">Inyubako n\u2019imbuga za reta <span class=\"title-suffix theme-color\"> z\u2019ubuhinga zisangiwe<\/span><\/h2><span class=\"title-separator separator-border theme-color-bg\"><\/span><\/div><!-- .title-wrap --><div class=\"section-description\">Izokoresha ubwenge bwo mu bidukikije n\u2019ubwo gufatira reta muri rusangi mu gushiraho inyubako igezweho n\u2019ibikorwa reta ikora kubwayo nyene bisangiwe, bikoreshwa kenshi kandi bikingiwe no gutuma bikoreshwa na MDA. Ibikorwa vyose bizoba birimwo utwigoro two gukangurira abantu inyigisho z\u2019ubuhinga, zigenewe cane cane abakozi ba reta bakoresha kandi batunganya inyubako rusangi mu ntumbero yo gukarigiriza ubwenge abantu. Ibikorwa vyo muri aka gace k\u2019igisata bizoshiraho umushinge wo gushiraho ibikorwa vy\u2019ubuhinga ku bantu n\u2019amashirahamwe. Ibikorwa bizohabwa uburyo vyo muri aka gace k\u2019igisata birimwo:<\/div><!-- .section-description --><\/div><!-- .section-title-wrapper -->\t\t<\/div>\n\t\t\t\t<\/div>\n\t\t\t\t<div class=\"elementor-element elementor-element-3152688 elementor-widget elementor-widget-egovenziconlist\" data-id=\"3152688\" data-element_type=\"widget\" data-widget_type=\"egovenziconlist.default\">\n\t\t\t\t<div class=\"elementor-widget-container\">\n\t\t\t<div class=\"icon-list-wrapper\"><ul class=\"nav flex-column vertical-icon-list\"><li class=\"icon-parent\"><span class=\"icon-dark fa fa-circle\"><\/span>Itegekanywa ry\u2019umuhora wa reta n\u2019ishirwaho ry\u2019ikigo \nntunganyabikorwa<\/li><li class=\"icon-parent\"><span class=\"icon-dark fa fa-circle\"><\/span>Inyubako y\u2019ibiharuro n\u2019ikorakorana<\/li><li class=\"icon-parent\"><span class=\"icon-dark fa fa-circle\"><\/span>Inyubako y\u2019ubuhinga bwo kuriha<\/li><li class=\"icon-parent\"><span class=\"icon-dark fa fa-circle\"><\/span>Idondora ry\u2019ubuhinga<\/li><li class=\"icon-parent\"><span class=\"icon-dark fa fa-circle\"><\/span>Ikigo co gukingira ibiharuro<\/li><\/ul><\/div><!-- .icon-list-wrapper -->\t\t<\/div>\n\t\t\t\t<\/div>\n\t\t\t\t\t<\/div>\n\t\t<\/div>\n\t\t\t\t\t\t\t<\/div>\n\t\t<\/section>\n\t\t\t\t\t<\/div>\n\t\t<\/div>\n\t\t\t\t\t\t\t<\/div>\n\t\t<\/section>\n\t\t\t\t<section class=\"elementor-section elementor-top-section elementor-element elementor-element-11416fe elementor-section-stretched elementor-section-boxed elementor-section-height-default elementor-section-height-default\" data-id=\"11416fe\" data-element_type=\"section\" data-settings=\"{&quot;stretch_section&quot;:&quot;section-stretched&quot;,&quot;background_background&quot;:&quot;classic&quot;,&quot;shape_divider_top&quot;:&quot;tilt&quot;}\">\n\t\t\t\t\t<div class=\"elementor-shape elementor-shape-top\" data-negative=\"false\">\n\t\t\t<svg xmlns=\"http:\/\/www.w3.org\/2000\/svg\" viewbox=\"0 0 1000 100\" preserveaspectratio=\"none\">\n\t<path class=\"elementor-shape-fill\" d=\"M0,6V0h1000v100L0,6z\"\/>\n<\/svg>\t\t<\/div>\n\t\t\t\t\t<div class=\"elementor-container elementor-column-gap-default\">\n\t\t\t\t\t<div class=\"elementor-column elementor-col-100 elementor-top-column elementor-element elementor-element-847825e\" data-id=\"847825e\" data-element_type=\"column\">\n\t\t\t<div class=\"elementor-widget-wrap elementor-element-populated\">\n\t\t\t\t\t\t\t\t<section class=\"elementor-section elementor-inner-section elementor-element elementor-element-ea91b7f elementor-section-boxed elementor-section-height-default elementor-section-height-default\" data-id=\"ea91b7f\" data-element_type=\"section\">\n\t\t\t\t\t\t<div class=\"elementor-container elementor-column-gap-default\">\n\t\t\t\t\t<div class=\"elementor-column elementor-col-33 elementor-inner-column elementor-element elementor-element-2bdda9c elementor-hidden-tablet elementor-hidden-mobile\" data-id=\"2bdda9c\" data-element_type=\"column\">\n\t\t\t<div class=\"elementor-widget-wrap\">\n\t\t\t\t\t\t\t\t\t<\/div>\n\t\t<\/div>\n\t\t\t\t<div class=\"elementor-column elementor-col-33 elementor-inner-column elementor-element elementor-element-35600e1\" data-id=\"35600e1\" data-element_type=\"column\">\n\t\t\t<div class=\"elementor-widget-wrap elementor-element-populated\">\n\t\t\t\t\t\t\t\t<div class=\"elementor-element elementor-element-9927e39 elementor-widget elementor-widget-egovenzsectiontitle\" data-id=\"9927e39\" data-element_type=\"widget\" data-widget_type=\"egovenzsectiontitle.default\">\n\t\t\t\t<div class=\"elementor-widget-container\">\n\t\t\t<div class=\"section-title-wrapper text-center\"><div class=\"title-wrap\"><h3 class=\"section-title\">Murafise ibibazo ?<\/h3><span class=\"title-separator separator-border theme-color-bg\"><\/span><\/div><!-- .title-wrap --><div class=\"section-description\">Mukaba mufise ibibazo kuri uwu mugambi wacu, ntimureke kuturondera. Abakozi bacu bazokwama biteguye kubafasha. <p><a class=\"btn border\" href=\"#\" title=\"Twandikire\">Twandikire<\/a><\/p><\/div><!-- .section-description --><\/div><!-- .section-title-wrapper -->\t\t<\/div>\n\t\t\t\t<\/div>\n\t\t\t\t\t<\/div>\n\t\t<\/div>\n\t\t\t\t<div class=\"elementor-column elementor-col-33 elementor-inner-column elementor-element elementor-element-a7120b3 elementor-hidden-tablet elementor-hidden-mobile\" data-id=\"a7120b3\" data-element_type=\"column\">\n\t\t\t<div class=\"elementor-widget-wrap\">\n\t\t\t\t\t\t\t\t\t<\/div>\n\t\t<\/div>\n\t\t\t\t\t\t\t<\/div>\n\t\t<\/section>\n\t\t\t\t\t<\/div>\n\t\t<\/div>\n\t\t\t\t\t\t\t<\/div>\n\t\t<\/section>\n\t\t\t\t\t\t\t<\/div>","protected":false},"excerpt":{"rendered":"<p>Facilitateurs de la prestation de services publics num\u00e9riques Cette composante adoptera une approche pangouvernementale pour d\u00e9velopper le \u00ab paquet num\u00e9rique \u00bb du gouvernement burundais pour les services \u00e9lectroniques. Il se concentrera principalement sur les syst\u00e8mes transversaux de l&rsquo;administration, y compris l&rsquo;infrastructure num\u00e9rique r\u00e9utilisable et partag\u00e9e, les plateformes et les cadres juridiques et de gouvernance, afin<\/p>","protected":false},"author":1,"featured_media":0,"parent":0,"menu_order":0,"comment_status":"closed","ping_status":"closed","template":"","meta":{"_bbp_topic_count":0,"_bbp_reply_count":0,"_bbp_total_topic_count":0,"_bbp_total_reply_count":0,"_bbp_voice_count":0,"_bbp_anonymous_reply_count":0,"_bbp_topic_count_hidden":0,"_bbp_reply_count_hidden":0,"_bbp_forum_subforum_count":0,"footnotes":""},"class_list":["post-17613","page","type-page","status-publish","hentry"],"_links":{"self":[{"href":"https:\/\/pafen.aclislab.xyz\/bi\/wp-json\/wp\/v2\/pages\/17613","targetHints":{"allow":["GET"]}}],"collection":[{"href":"https:\/\/pafen.aclislab.xyz\/bi\/wp-json\/wp\/v2\/pages"}],"about":[{"href":"https:\/\/pafen.aclislab.xyz\/bi\/wp-json\/wp\/v2\/types\/page"}],"author":[{"embeddable":true,"href":"https:\/\/pafen.aclislab.xyz\/bi\/wp-json\/wp\/v2\/users\/1"}],"replies":[{"embeddable":true,"href":"https:\/\/pafen.aclislab.xyz\/bi\/wp-json\/wp\/v2\/comments?post=17613"}],"version-history":[{"count":13,"href":"https:\/\/pafen.aclislab.xyz\/bi\/wp-json\/wp\/v2\/pages\/17613\/revisions"}],"predecessor-version":[{"id":17968,"href":"https:\/\/pafen.aclislab.xyz\/bi\/wp-json\/wp\/v2\/pages\/17613\/revisions\/17968"}],"wp:attachment":[{"href":"https:\/\/pafen.aclislab.xyz\/bi\/wp-json\/wp\/v2\/media?parent=17613"}],"curies":[{"name":"wp","href":"https:\/\/api.w.org\/{rel}","templated":true}]}}