{"id":17624,"date":"2023-04-24T09:04:55","date_gmt":"2023-04-24T09:04:55","guid":{"rendered":"http:\/\/pafen.aclislab.xyz\/?page_id=17624"},"modified":"2024-08-06T21:02:23","modified_gmt":"2024-08-06T21:02:23","slug":"coordination-institutionnelle-et-gestion-du-projet","status":"publish","type":"page","link":"https:\/\/pafen.aclislab.xyz\/bi\/coordination-institutionnelle-et-gestion-du-projet\/","title":{"rendered":"Urwego \nrurongoye kandi rutunganya umugambi"},"content":{"rendered":"<div data-elementor-type=\"wp-page\" data-elementor-id=\"17624\" class=\"elementor elementor-17624\">\n\t\t\t\t\t\t\t\t\t<section class=\"elementor-section elementor-top-section elementor-element elementor-element-a872b36 elementor-section-content-middle elementor-section-stretched bg-none-1024 elementor-section-boxed elementor-section-height-default elementor-section-height-default\" data-id=\"a872b36\" data-element_type=\"section\" data-settings=\"{&quot;stretch_section&quot;:&quot;section-stretched&quot;,&quot;background_background&quot;:&quot;gradient&quot;}\">\n\t\t\t\t\t\t\t<div class=\"elementor-background-overlay\"><\/div>\n\t\t\t\t\t\t\t<div class=\"elementor-container elementor-column-gap-default\">\n\t\t\t\t\t<div class=\"elementor-column elementor-col-100 elementor-top-column elementor-element elementor-element-580a509\" data-id=\"580a509\" data-element_type=\"column\" data-settings=\"{&quot;background_background&quot;:&quot;classic&quot;}\">\n\t\t\t<div class=\"elementor-widget-wrap elementor-element-populated\">\n\t\t\t\t\t\t\t\t<section class=\"elementor-section elementor-inner-section elementor-element elementor-element-715695c elementor-section-content-middle elementor-section-boxed elementor-section-height-default elementor-section-height-default\" data-id=\"715695c\" data-element_type=\"section\">\n\t\t\t\t\t\t<div class=\"elementor-container elementor-column-gap-extended\">\n\t\t\t\t\t<div class=\"elementor-column elementor-col-50 elementor-inner-column elementor-element elementor-element-e03250b\" data-id=\"e03250b\" data-element_type=\"column\">\n\t\t\t<div class=\"elementor-widget-wrap elementor-element-populated\">\n\t\t\t\t\t\t\t\t<div class=\"elementor-element elementor-element-df24c2a elementor-widget elementor-widget-egovenzsectiontitle\" data-id=\"df24c2a\" data-element_type=\"widget\" data-widget_type=\"egovenzsectiontitle.default\">\n\t\t\t\t<div class=\"elementor-widget-container\">\n\t\t\t<div class=\"section-title-wrapper\"><div class=\"title-wrap\"><h2 class=\"section-title\">Urwego \nrurongoye  <span class=\"title-suffix theme-color\">kandi rutunganya umugambi <\/span><\/h2><span class=\"title-separator separator-border theme-color-bg\"><\/span><\/div><!-- .title-wrap --><div class=\"section-description\">Iki gisata kizofasha mu gukarihiriza ubwenge SETIC, aho umugambi mushasha wa PIU uzokorera kandi ukarongorerwa n\u2019izindi MDA. Kizofasha kandi ibindi bisata vya reta mu gukwegakwega, kwubaka no kubika ubushobozi bwo gukora butuma habaho ihindurwa ry\u2019intwaro mu buhinga. Neza na neza, iki gisata kizoba kirimwo:<\/div><!-- .section-description --><\/div><!-- .section-title-wrapper -->\t\t<\/div>\n\t\t\t\t<\/div>\n\t\t\t\t<div class=\"elementor-element elementor-element-3152688 elementor-widget elementor-widget-egovenziconlist\" data-id=\"3152688\" data-element_type=\"widget\" data-widget_type=\"egovenziconlist.default\">\n\t\t\t\t<div class=\"elementor-widget-container\">\n\t\t\t<div class=\"icon-list-wrapper\"><ul class=\"nav flex-column vertical-icon-list\"><li class=\"icon-parent\"><span class=\"icon-dark fa fa-circle\"><\/span>Amahera yo gukora n\u2019ay\u2019abakozi ba UGP, harimwo no gutanga akazi ku \nbahinga mu myuga itwara iyindi<\/li><li class=\"icon-parent\"><span class=\"icon-dark fa fa-circle\"><\/span>Uguteza imbere no kubungabunga urubuga  rw\u2019umugambi<\/li><li class=\"icon-parent\"><span class=\"icon-dark fa fa-circle\"><\/span>Le soutien aux consultations des parties prenantes et au travail de suivi et d&#039;\u00e9valuation<\/li><li class=\"icon-parent\"><span class=\"icon-dark fa fa-circle\"><\/span>Ugushigikira ibiganiro vy\u2019abo vyega bose n\u2019ibikorwa vy\u2019ikurikirana \nn\u2019isuzuma<\/li><\/ul><\/div><!-- .icon-list-wrapper -->\t\t<\/div>\n\t\t\t\t<\/div>\n\t\t\t\t\t<\/div>\n\t\t<\/div>\n\t\t\t\t<div class=\"elementor-column elementor-col-50 elementor-inner-column elementor-element elementor-element-12d7ff9\" data-id=\"12d7ff9\" data-element_type=\"column\">\n\t\t\t<div class=\"elementor-widget-wrap elementor-element-populated\">\n\t\t\t\t\t\t\t\t<div class=\"elementor-element elementor-element-8f5bf3a elementor-widget elementor-widget-image\" data-id=\"8f5bf3a\" data-element_type=\"widget\" data-widget_type=\"image.default\">\n\t\t\t\t<div class=\"elementor-widget-container\">\n\t\t\t<style>\/*! elementor - v3.13.1 - 09-05-2023 *\/\n.elementor-widget-image{text-align:center}.elementor-widget-image a{display:inline-block}.elementor-widget-image a img[src$=\".svg\"]{width:48px}.elementor-widget-image img{vertical-align:middle;display:inline-block}<\/style>\t\t\t\t\t\t\t\t\t\t\t\t<img loading=\"lazy\" decoding=\"async\" width=\"700\" height=\"525\" src=\"https:\/\/pafen.aclislab.xyz\/wp-content\/uploads\/2023\/04\/22.jpg\" class=\"attachment-full size-full wp-image-17626\" alt=\"\" \/>\t\t\t\t\t\t\t\t\t\t\t\t\t\t\t<\/div>\n\t\t\t\t<\/div>\n\t\t\t\t\t<\/div>\n\t\t<\/div>\n\t\t\t\t\t\t\t<\/div>\n\t\t<\/section>\n\t\t\t\t\t<\/div>\n\t\t<\/div>\n\t\t\t\t\t\t\t<\/div>\n\t\t<\/section>\n\t\t\t\t<section class=\"elementor-section elementor-top-section elementor-element elementor-element-11416fe elementor-section-stretched elementor-section-boxed elementor-section-height-default elementor-section-height-default\" data-id=\"11416fe\" data-element_type=\"section\" data-settings=\"{&quot;stretch_section&quot;:&quot;section-stretched&quot;,&quot;background_background&quot;:&quot;classic&quot;,&quot;shape_divider_top&quot;:&quot;tilt&quot;}\">\n\t\t\t\t\t<div class=\"elementor-shape elementor-shape-top\" data-negative=\"false\">\n\t\t\t<svg xmlns=\"http:\/\/www.w3.org\/2000\/svg\" viewbox=\"0 0 1000 100\" preserveaspectratio=\"none\">\n\t<path class=\"elementor-shape-fill\" d=\"M0,6V0h1000v100L0,6z\"\/>\n<\/svg>\t\t<\/div>\n\t\t\t\t\t<div class=\"elementor-container elementor-column-gap-default\">\n\t\t\t\t\t<div class=\"elementor-column elementor-col-100 elementor-top-column elementor-element elementor-element-847825e\" data-id=\"847825e\" data-element_type=\"column\">\n\t\t\t<div class=\"elementor-widget-wrap elementor-element-populated\">\n\t\t\t\t\t\t\t\t<section class=\"elementor-section elementor-inner-section elementor-element elementor-element-ea91b7f elementor-section-boxed elementor-section-height-default elementor-section-height-default\" data-id=\"ea91b7f\" data-element_type=\"section\">\n\t\t\t\t\t\t<div class=\"elementor-container elementor-column-gap-default\">\n\t\t\t\t\t<div class=\"elementor-column elementor-col-33 elementor-inner-column elementor-element elementor-element-2bdda9c elementor-hidden-tablet elementor-hidden-mobile\" data-id=\"2bdda9c\" data-element_type=\"column\">\n\t\t\t<div class=\"elementor-widget-wrap\">\n\t\t\t\t\t\t\t\t\t<\/div>\n\t\t<\/div>\n\t\t\t\t<div class=\"elementor-column elementor-col-33 elementor-inner-column elementor-element elementor-element-35600e1\" data-id=\"35600e1\" data-element_type=\"column\">\n\t\t\t<div class=\"elementor-widget-wrap elementor-element-populated\">\n\t\t\t\t\t\t\t\t<div class=\"elementor-element elementor-element-9927e39 elementor-widget elementor-widget-egovenzsectiontitle\" data-id=\"9927e39\" data-element_type=\"widget\" data-widget_type=\"egovenzsectiontitle.default\">\n\t\t\t\t<div class=\"elementor-widget-container\">\n\t\t\t<div class=\"section-title-wrapper text-center\"><div class=\"title-wrap\"><h3 class=\"section-title\">Murafise ibibazo ?<\/h3><span class=\"title-separator separator-border theme-color-bg\"><\/span><\/div><!-- .title-wrap --><div class=\"section-description\">Mukaba mufise ibibazo kuri uwu mugambi wacu, ntimureke kuturondera. Abakozi bacu bazokwama biteguye kubafasha. <p><a class=\"btn border\" href=\"#\" title=\"Twandikire\">Twandikire<\/a><\/p><\/div><!-- .section-description --><\/div><!-- .section-title-wrapper -->\t\t<\/div>\n\t\t\t\t<\/div>\n\t\t\t\t\t<\/div>\n\t\t<\/div>\n\t\t\t\t<div class=\"elementor-column elementor-col-33 elementor-inner-column elementor-element elementor-element-a7120b3 elementor-hidden-tablet elementor-hidden-mobile\" data-id=\"a7120b3\" data-element_type=\"column\">\n\t\t\t<div class=\"elementor-widget-wrap\">\n\t\t\t\t\t\t\t\t\t<\/div>\n\t\t<\/div>\n\t\t\t\t\t\t\t<\/div>\n\t\t<\/section>\n\t\t\t\t\t<\/div>\n\t\t<\/div>\n\t\t\t\t\t\t\t<\/div>\n\t\t<\/section>\n\t\t\t\t\t\t\t<\/div>","protected":false},"excerpt":{"rendered":"<p>Coordination institutionnelle et gestion du projet Cette composante contribuera \u00e0 renforcer la capacit\u00e9 du SETIC, o\u00f9 la nouvelle unit\u00e9 de gestion du projet (PIU) doit \u00eatre \u00e9tablie, et sa coordination avec les autres MDA. Elle cherchera \u00e9galement \u00e0 soutenir la capacit\u00e9 du secteur public \u00e0 attirer, construire et conserver des comp\u00e9tences pour mettre en \u0153uvre<\/p>","protected":false},"author":1,"featured_media":0,"parent":0,"menu_order":0,"comment_status":"closed","ping_status":"closed","template":"","meta":{"_bbp_topic_count":0,"_bbp_reply_count":0,"_bbp_total_topic_count":0,"_bbp_total_reply_count":0,"_bbp_voice_count":0,"_bbp_anonymous_reply_count":0,"_bbp_topic_count_hidden":0,"_bbp_reply_count_hidden":0,"_bbp_forum_subforum_count":0,"footnotes":""},"class_list":["post-17624","page","type-page","status-publish","hentry"],"_links":{"self":[{"href":"https:\/\/pafen.aclislab.xyz\/bi\/wp-json\/wp\/v2\/pages\/17624","targetHints":{"allow":["GET"]}}],"collection":[{"href":"https:\/\/pafen.aclislab.xyz\/bi\/wp-json\/wp\/v2\/pages"}],"about":[{"href":"https:\/\/pafen.aclislab.xyz\/bi\/wp-json\/wp\/v2\/types\/page"}],"author":[{"embeddable":true,"href":"https:\/\/pafen.aclislab.xyz\/bi\/wp-json\/wp\/v2\/users\/1"}],"replies":[{"embeddable":true,"href":"https:\/\/pafen.aclislab.xyz\/bi\/wp-json\/wp\/v2\/comments?post=17624"}],"version-history":[{"count":7,"href":"https:\/\/pafen.aclislab.xyz\/bi\/wp-json\/wp\/v2\/pages\/17624\/revisions"}],"predecessor-version":[{"id":17962,"href":"https:\/\/pafen.aclislab.xyz\/bi\/wp-json\/wp\/v2\/pages\/17624\/revisions\/17962"}],"wp:attachment":[{"href":"https:\/\/pafen.aclislab.xyz\/bi\/wp-json\/wp\/v2\/media?parent=17624"}],"curies":[{"name":"wp","href":"https:\/\/api.w.org\/{rel}","templated":true}]}}