{"id":17783,"date":"2023-04-24T14:15:04","date_gmt":"2023-04-24T14:15:04","guid":{"rendered":"http:\/\/pafen.aclislab.xyz\/?page_id=17783"},"modified":"2023-04-25T13:59:11","modified_gmt":"2023-04-25T13:59:11","slug":"presse","status":"publish","type":"page","link":"https:\/\/pafen.aclislab.xyz\/en\/presse\/","title":{"rendered":"Media"},"content":{"rendered":"<div data-elementor-type=\"wp-page\" data-elementor-id=\"17783\" class=\"elementor elementor-17783\">\n\t\t\t\t\t\t\t\t\t<section class=\"elementor-section elementor-top-section elementor-element elementor-element-617656c elementor-section-full_width elementor-section-height-default elementor-section-height-default\" data-id=\"617656c\" data-element_type=\"section\">\n\t\t\t\t\t\t<div class=\"elementor-container elementor-column-gap-default\">\n\t\t\t\t\t<div class=\"elementor-column elementor-col-100 elementor-top-column elementor-element elementor-element-cb81745\" data-id=\"cb81745\" data-element_type=\"column\">\n\t\t\t<div class=\"elementor-widget-wrap elementor-element-populated\">\n\t\t\t\t\t\t\t\t<section class=\"elementor-section elementor-inner-section elementor-element elementor-element-05762e9 elementor-section-boxed elementor-section-height-default elementor-section-height-default\" data-id=\"05762e9\" data-element_type=\"section\">\n\t\t\t\t\t\t<div class=\"elementor-container elementor-column-gap-default\">\n\t\t\t\t\t<div class=\"elementor-column elementor-col-100 elementor-inner-column elementor-element elementor-element-84e94c2\" data-id=\"84e94c2\" data-element_type=\"column\">\n\t\t\t<div class=\"elementor-widget-wrap elementor-element-populated\">\n\t\t\t\t\t\t\t\t<div class=\"elementor-element elementor-element-25b1360 elementor-widget elementor-widget-egovenzblog\" data-id=\"25b1360\" data-element_type=\"widget\" data-widget_type=\"egovenzblog.default\">\n\t\t\t\t\r\n\t\t<div class=\"elementor-widget-container blog-wrapper blog-style-list blog-light blog-normal-model shortcode-rand-1 egovenz-inline-css\" data-css=\"&quot;.shortcode-rand-1.blog-wrapper .blog-inner .media &gt; .media-body &gt; *:nth-child(1) { margin-bottom: 15px; }.shortcode-rand-1.blog-wrapper .blog-inner .media &gt; .media-body &gt; *:nth-child(2) { margin-bottom: 20px; }.shortcode-rand-1.blog-wrapper .blog-inner .media &gt; .media-body &gt; *:nth-child(3) { margin-bottom: 20px; }.shortcode-rand-1.blog-wrapper .blog-inner .media &gt; .media-body &gt; *:nth-child(4) { margin-bottom: ; }&quot;\">\r\n\t\t\r\n\t\t\t<div class=\"row\"><div class=\"col-lg-12 col-md-12\"><div class=\"blog-inner\"><div class=\"media\"><div class=\"post-thumb\"><img loading=\"lazy\" decoding=\"async\" width=\"1170\" height=\"694\" src=\"https:\/\/pafen.aclislab.xyz\/wp-content\/uploads\/2023\/04\/9-1170x694.jpg\" class=\"img-fluid wp-post-image\" alt=\"\" srcset=\"https:\/\/pafen.aclislab.xyz\/wp-content\/uploads\/2023\/04\/9-1170x694.jpg 1170w, https:\/\/pafen.aclislab.xyz\/wp-content\/uploads\/2023\/04\/9-768x456.jpg 768w\" sizes=\"auto, (max-width: 1170px) 100vw, 1170px\" \/><\/div><!-- .post-thumb --><div class=\"media-body\"><div class=\"top-meta clearfix\"><ul class=\"nav top-meta-list meta-left\"><li><div class=\"post-date\"><a href=\"https:\/\/pafen.aclislab.xyz\/en\/2023\/04\/13\/\" ><i class=\"ti-calendar\"><\/i> April 13, 2023<\/a><\/div><\/li><\/ul><\/div><div class=\"entry-title\"><h4 class=\"post-title-head\"><a href=\"https:\/\/pafen.aclislab.xyz\/en\/recrutement\/\" class=\"post-title\">Announcement: Hiring!<\/a><\/h4><\/div><!-- .entry-title --><div class=\"post-excerpt\"><p>The Government of Burundi concerned about the implementation of the National\nProject of Digitization of Public Services, through the Executive Secretariat\n for Technologies information and<\/p>\n<\/div><!-- .post-excerpt --><div class=\"bottom-meta clearfix\"><ul class=\"nav bottom-meta-list meta-left\"><li><div class=\"post-more\"><a class=\"read-more\" href=\"https:\/\/pafen.aclislab.xyz\/en\/recrutement\/\">Read More<\/a><\/div><\/li><\/ul><\/div><\/div><!-- .media-body --><\/div><!-- .media --><\/div><!-- .blog-inner --><\/div><!-- .col \/ .owl-carousel-item \/ .isotope --><\/div><!-- .row --><div class=\"row\"><div class=\"col-lg-12 col-md-12\"><div class=\"blog-inner\"><div class=\"media\"><div class=\"post-thumb\"><img loading=\"lazy\" decoding=\"async\" width=\"1170\" height=\"694\" src=\"https:\/\/pafen.aclislab.xyz\/wp-content\/uploads\/2023\/04\/8-1170x694.jpg\" class=\"img-fluid wp-post-image\" alt=\"\" srcset=\"https:\/\/pafen.aclislab.xyz\/wp-content\/uploads\/2023\/04\/8-1170x694.jpg 1170w, https:\/\/pafen.aclislab.xyz\/wp-content\/uploads\/2023\/04\/8-768x456.jpg 768w\" sizes=\"auto, (max-width: 1170px) 100vw, 1170px\" \/><\/div><!-- .post-thumb --><div class=\"media-body\"><div class=\"top-meta clearfix\"><ul class=\"nav top-meta-list meta-left\"><li><div class=\"post-date\"><a href=\"https:\/\/pafen.aclislab.xyz\/en\/2023\/04\/13\/\" ><i class=\"ti-calendar\"><\/i> April 13, 2023<\/a><\/div><\/li><\/ul><\/div><div class=\"entry-title\"><h4 class=\"post-title-head\"><a href=\"https:\/\/pafen.aclislab.xyz\/en\/jeune-codeur\/\" class=\"post-title\">How Young Coder's Week works<\/a><\/h4><\/div><!-- .entry-title --><div class=\"post-excerpt\"><p>The first day of the young coder's week was characterized by training at\u2028against the young contestants. Having a project is not the only factor<\/p>\n<\/div><!-- .post-excerpt --><div class=\"bottom-meta clearfix\"><ul class=\"nav bottom-meta-list meta-left\"><li><div class=\"post-more\"><a class=\"read-more\" href=\"https:\/\/pafen.aclislab.xyz\/en\/jeune-codeur\/\">Read More<\/a><\/div><\/li><\/ul><\/div><\/div><!-- .media-body --><\/div><!-- .media --><\/div><!-- .blog-inner --><\/div><!-- .col \/ .owl-carousel-item \/ .isotope --><\/div><!-- .row -->\t\t\t\r\n\t\t<\/div>\r\n\t\t\t\t<\/div>\n\t\t\t\t\t<\/div>\n\t\t<\/div>\n\t\t\t\t\t\t\t<\/div>\n\t\t<\/section>\n\t\t\t\t\t<\/div>\n\t\t<\/div>\n\t\t\t\t\t\t\t<\/div>\n\t\t<\/section>\n\t\t\t\t\t\t\t<\/div>","protected":false},"excerpt":{"rendered":"<p>April 13, 2023 Annonce: Recrutement!! Le Gouvernement du Burundi soucieux de la mise en \u0153uvre du Projet National de Digitalisation des Services Publics, \u00e0 travers le Secr\u00e9tariat Ex\u00e9cutif des Technologies<\/p>","protected":false},"author":1,"featured_media":0,"parent":0,"menu_order":0,"comment_status":"closed","ping_status":"closed","template":"","meta":{"_bbp_topic_count":0,"_bbp_reply_count":0,"_bbp_total_topic_count":0,"_bbp_total_reply_count":0,"_bbp_voice_count":0,"_bbp_anonymous_reply_count":0,"_bbp_topic_count_hidden":0,"_bbp_reply_count_hidden":0,"_bbp_forum_subforum_count":0,"footnotes":""},"class_list":["post-17783","page","type-page","status-publish","hentry"],"_links":{"self":[{"href":"https:\/\/pafen.aclislab.xyz\/en\/wp-json\/wp\/v2\/pages\/17783","targetHints":{"allow":["GET"]}}],"collection":[{"href":"https:\/\/pafen.aclislab.xyz\/en\/wp-json\/wp\/v2\/pages"}],"about":[{"href":"https:\/\/pafen.aclislab.xyz\/en\/wp-json\/wp\/v2\/types\/page"}],"author":[{"embeddable":true,"href":"https:\/\/pafen.aclislab.xyz\/en\/wp-json\/wp\/v2\/users\/1"}],"replies":[{"embeddable":true,"href":"https:\/\/pafen.aclislab.xyz\/en\/wp-json\/wp\/v2\/comments?post=17783"}],"version-history":[{"count":2,"href":"https:\/\/pafen.aclislab.xyz\/en\/wp-json\/wp\/v2\/pages\/17783\/revisions"}],"predecessor-version":[{"id":17810,"href":"https:\/\/pafen.aclislab.xyz\/en\/wp-json\/wp\/v2\/pages\/17783\/revisions\/17810"}],"wp:attachment":[{"href":"https:\/\/pafen.aclislab.xyz\/en\/wp-json\/wp\/v2\/media?parent=17783"}],"curies":[{"name":"wp","href":"https:\/\/api.w.org\/{rel}","templated":true}]}}